{"id":188,"date":"2023-02-23T16:38:39","date_gmt":"2023-02-23T16:38:39","guid":{"rendered":"https:\/\/fritts.es\/?page_id=188"},"modified":"2023-02-23T16:41:22","modified_gmt":"2023-02-23T16:41:22","slug":"accesibilidad","status":"publish","type":"page","link":"https:\/\/fritts.es\/en\/accesibilidad\/","title":{"rendered":"Accesibilidad"},"content":{"rendered":"<div data-elementor-type=\"wp-page\" data-elementor-id=\"188\" class=\"elementor elementor-188\" data-elementor-post-type=\"page\">\n\t\t\t\t\t\t<section class=\"elementor-section elementor-top-section elementor-element elementor-element-7d74b8ac elementor-section-boxed elementor-section-height-default elementor-section-height-default\" data-id=\"7d74b8ac\" data-element_type=\"section\">\n\t\t\t\t\t\t<div class=\"elementor-container elementor-column-gap-default\">\n\t\t\t\t\t<div class=\"elementor-column elementor-col-100 elementor-top-column elementor-element elementor-element-374483b6\" data-id=\"374483b6\" data-element_type=\"column\">\n\t\t\t<div class=\"elementor-widget-wrap elementor-element-populated\">\n\t\t\t\t\t\t<div class=\"elementor-element elementor-element-e7c9937 elementor-widget elementor-widget-heading\" data-id=\"e7c9937\" data-element_type=\"widget\" data-widget_type=\"heading.default\">\n\t\t\t\t<div class=\"elementor-widget-container\">\n\t\t\t\t\t<h2 class=\"elementor-heading-title elementor-size-default\">Accesibilidad<\/h2>\t\t\t\t<\/div>\n\t\t\t\t<\/div>\n\t\t\t\t<div class=\"elementor-element elementor-element-4172afa elementor-widget elementor-widget-text-editor\" data-id=\"4172afa\" data-element_type=\"widget\" data-widget_type=\"text-editor.default\">\n\t\t\t\t<div class=\"elementor-widget-container\">\n\t\t\t\t\t\t\t\t\t<p>DBP Energ\u00e9tica 2020 S.L. se compromete en hacer accesible su sitio web de conformidad con el Real Decreto 1112\/2018, sobre accesibilidad de los sitios webs y aplicaciones para dispositivos m\u00f3viles del sector p\u00fablico.<\/p><p>La presente declaraci\u00f3n de accesibilidad se aplica al sitio web www.fritts.es a fecha 28\/02\/2023<\/p><p>Situaci\u00f3n de cumplimiento<\/p><p>Este sitio web es parcialmente conforme con el RD 1112\/2018 debido a las excepciones y a la falta de conformidad de los aspectos que se indican en el siguiente punto.<\/p><p>Contenido no accesible<\/p><p>El contenido que se recoge a continuaci\u00f3n no es accesible por lo siguiente: Falta de conformidad con el RD 1112\/2018 Podr\u00edan existir documentos ofim\u00e1ticos en PDF y otros formatos publicados posteriormente al 20 de septiembre de 2018 que no cumplan en su totalidad los requisitos de accesibilidad. Se pueden solicitar los documentos completamente accesibles desde el formulario de contacto para formalizar quejas y consultas.<\/p><p>Contenido adicional:<\/p><p>En esta web se han adoptado una serie de medidas cuyo objetivo es mejorar la accesibilidad. Las ventajas que esto conlleva son, entre otras:<\/p><p>1. Facilitar el acceso de las personas independientemente de su condici\u00f3n f\u00edsica o de su entorno mediante un componente que permite ampliar y disminuir la fuente, invertir colores, controlar la separaci\u00f3n entre l\u00edneas, entre otras funciones disponibles en los navegadores.<\/p><p>2. Incluir contenidos claros y bien estructurados.<\/p><p>3. Mejorar la navegaci\u00f3n y la experiencia del usuario.<\/p>\t\t\t\t\t\t\t\t<\/div>\n\t\t\t\t<\/div>\n\t\t\t\t\t<\/div>\n\t\t<\/div>\n\t\t\t\t\t<\/div>\n\t\t<\/section>\n\t\t\t\t<\/div>","protected":false},"excerpt":{"rendered":"<p>Accesibilidad DBP Energ\u00e9tica 2020 S.L. se compromete en hacer accesible su sitio web de conformidad con el Real Decreto 1112\/2018, sobre accesibilidad de los sitios webs y aplicaciones para dispositivos m\u00f3viles del sector p\u00fablico. La presente declaraci\u00f3n de accesibilidad se aplica al sitio web www.fritts.es a fecha 28\/02\/2023 Situaci\u00f3n de cumplimiento Este sitio web es [&hellip;]<\/p>","protected":false},"author":1,"featured_media":0,"parent":0,"menu_order":0,"comment_status":"closed","ping_status":"closed","template":"","meta":{"footnotes":""},"class_list":["post-188","page","type-page","status-publish","hentry"],"yoast_head":"<!-- This site is optimized with the Yoast SEO plugin v25.7 - https:\/\/yoast.com\/wordpress\/plugins\/seo\/ -->\n<title>Accesibilidad - Fritts<\/title>\n<meta name=\"robots\" content=\"index, follow, max-snippet:-1, max-image-preview:large, max-video-preview:-1\" \/>\n<link rel=\"canonical\" href=\"https:\/\/fritts.es\/en\/accesibilidad\/\" \/>\n<meta property=\"og:locale\" content=\"en_GB\" \/>\n<meta property=\"og:type\" content=\"article\" \/>\n<meta property=\"og:title\" content=\"Accesibilidad - Fritts\" \/>\n<meta property=\"og:description\" content=\"Accesibilidad DBP Energ\u00e9tica 2020 S.L. se compromete en hacer accesible su sitio web de conformidad con el Real Decreto 1112\/2018, sobre accesibilidad de los sitios webs y aplicaciones para dispositivos m\u00f3viles del sector p\u00fablico. La presente declaraci\u00f3n de accesibilidad se aplica al sitio web www.fritts.es a fecha 28\/02\/2023 Situaci\u00f3n de cumplimiento Este sitio web es [&hellip;]\" \/>\n<meta property=\"og:url\" content=\"https:\/\/fritts.es\/en\/accesibilidad\/\" \/>\n<meta property=\"og:site_name\" content=\"Fritts\" \/>\n<meta property=\"article:modified_time\" content=\"2023-02-23T16:41:22+00:00\" \/>\n<meta name=\"twitter:card\" content=\"summary_large_image\" \/>\n<meta name=\"twitter:label1\" content=\"Estimated reading time\" \/>\n\t<meta name=\"twitter:data1\" content=\"2 minutes\" \/>\n<script type=\"application\/ld+json\" class=\"yoast-schema-graph\">{\"@context\":\"https:\/\/schema.org\",\"@graph\":[{\"@type\":\"WebPage\",\"@id\":\"https:\/\/fritts.es\/accesibilidad\/\",\"url\":\"https:\/\/fritts.es\/accesibilidad\/\",\"name\":\"Accesibilidad - Fritts\",\"isPartOf\":{\"@id\":\"https:\/\/fritts.es\/#website\"},\"datePublished\":\"2023-02-23T16:38:39+00:00\",\"dateModified\":\"2023-02-23T16:41:22+00:00\",\"breadcrumb\":{\"@id\":\"https:\/\/fritts.es\/accesibilidad\/#breadcrumb\"},\"inLanguage\":\"en-GB\",\"potentialAction\":[{\"@type\":\"ReadAction\",\"target\":[\"https:\/\/fritts.es\/accesibilidad\/\"]}]},{\"@type\":\"BreadcrumbList\",\"@id\":\"https:\/\/fritts.es\/accesibilidad\/#breadcrumb\",\"itemListElement\":[{\"@type\":\"ListItem\",\"position\":1,\"name\":\"Portada\",\"item\":\"https:\/\/fritts.es\/\"},{\"@type\":\"ListItem\",\"position\":2,\"name\":\"Accesibilidad\"}]},{\"@type\":\"WebSite\",\"@id\":\"https:\/\/fritts.es\/#website\",\"url\":\"https:\/\/fritts.es\/\",\"name\":\"Fritts\",\"description\":\"Instalaci\u00f3n industrial de placas solares\",\"publisher\":{\"@id\":\"https:\/\/fritts.es\/#organization\"},\"potentialAction\":[{\"@type\":\"SearchAction\",\"target\":{\"@type\":\"EntryPoint\",\"urlTemplate\":\"https:\/\/fritts.es\/?s={search_term_string}\"},\"query-input\":{\"@type\":\"PropertyValueSpecification\",\"valueRequired\":true,\"valueName\":\"search_term_string\"}}],\"inLanguage\":\"en-GB\"},{\"@type\":\"Organization\",\"@id\":\"https:\/\/fritts.es\/#organization\",\"name\":\"Fritts\",\"url\":\"https:\/\/fritts.es\/\",\"logo\":{\"@type\":\"ImageObject\",\"inLanguage\":\"en-GB\",\"@id\":\"https:\/\/fritts.es\/#\/schema\/logo\/image\/\",\"url\":\"https:\/\/fritts.es\/wp-content\/uploads\/2023\/12\/Capa-2.png\",\"contentUrl\":\"https:\/\/fritts.es\/wp-content\/uploads\/2023\/12\/Capa-2.png\",\"width\":974,\"height\":380,\"caption\":\"Fritts\"},\"image\":{\"@id\":\"https:\/\/fritts.es\/#\/schema\/logo\/image\/\"},\"sameAs\":[\"https:\/\/es.linkedin.com\/company\/frittsingenieria\"]}]}<\/script>\n<!-- \/ Yoast SEO plugin. -->","yoast_head_json":{"title":"Accesibilidad - Fritts","robots":{"index":"index","follow":"follow","max-snippet":"max-snippet:-1","max-image-preview":"max-image-preview:large","max-video-preview":"max-video-preview:-1"},"canonical":"https:\/\/fritts.es\/en\/accesibilidad\/","og_locale":"en_GB","og_type":"article","og_title":"Accesibilidad - Fritts","og_description":"Accesibilidad DBP Energ\u00e9tica 2020 S.L. se compromete en hacer accesible su sitio web de conformidad con el Real Decreto 1112\/2018, sobre accesibilidad de los sitios webs y aplicaciones para dispositivos m\u00f3viles del sector p\u00fablico. La presente declaraci\u00f3n de accesibilidad se aplica al sitio web www.fritts.es a fecha 28\/02\/2023 Situaci\u00f3n de cumplimiento Este sitio web es [&hellip;]","og_url":"https:\/\/fritts.es\/en\/accesibilidad\/","og_site_name":"Fritts","article_modified_time":"2023-02-23T16:41:22+00:00","twitter_card":"summary_large_image","twitter_misc":{"Estimated reading time":"2 minutes"},"schema":{"@context":"https:\/\/schema.org","@graph":[{"@type":"WebPage","@id":"https:\/\/fritts.es\/accesibilidad\/","url":"https:\/\/fritts.es\/accesibilidad\/","name":"Accesibilidad - Fritts","isPartOf":{"@id":"https:\/\/fritts.es\/#website"},"datePublished":"2023-02-23T16:38:39+00:00","dateModified":"2023-02-23T16:41:22+00:00","breadcrumb":{"@id":"https:\/\/fritts.es\/accesibilidad\/#breadcrumb"},"inLanguage":"en-GB","potentialAction":[{"@type":"ReadAction","target":["https:\/\/fritts.es\/accesibilidad\/"]}]},{"@type":"BreadcrumbList","@id":"https:\/\/fritts.es\/accesibilidad\/#breadcrumb","itemListElement":[{"@type":"ListItem","position":1,"name":"Portada","item":"https:\/\/fritts.es\/"},{"@type":"ListItem","position":2,"name":"Accesibilidad"}]},{"@type":"WebSite","@id":"https:\/\/fritts.es\/#website","url":"https:\/\/fritts.es\/","name":"Fritts","description":"Instalaci\u00f3n industrial de placas solares","publisher":{"@id":"https:\/\/fritts.es\/#organization"},"potentialAction":[{"@type":"SearchAction","target":{"@type":"EntryPoint","urlTemplate":"https:\/\/fritts.es\/?s={search_term_string}"},"query-input":{"@type":"PropertyValueSpecification","valueRequired":true,"valueName":"search_term_string"}}],"inLanguage":"en-GB"},{"@type":"Organization","@id":"https:\/\/fritts.es\/#organization","name":"Fritts","url":"https:\/\/fritts.es\/","logo":{"@type":"ImageObject","inLanguage":"en-GB","@id":"https:\/\/fritts.es\/#\/schema\/logo\/image\/","url":"https:\/\/fritts.es\/wp-content\/uploads\/2023\/12\/Capa-2.png","contentUrl":"https:\/\/fritts.es\/wp-content\/uploads\/2023\/12\/Capa-2.png","width":974,"height":380,"caption":"Fritts"},"image":{"@id":"https:\/\/fritts.es\/#\/schema\/logo\/image\/"},"sameAs":["https:\/\/es.linkedin.com\/company\/frittsingenieria"]}]}},"_links":{"self":[{"href":"https:\/\/fritts.es\/en\/wp-json\/wp\/v2\/pages\/188","targetHints":{"allow":["GET"]}}],"collection":[{"href":"https:\/\/fritts.es\/en\/wp-json\/wp\/v2\/pages"}],"about":[{"href":"https:\/\/fritts.es\/en\/wp-json\/wp\/v2\/types\/page"}],"author":[{"embeddable":true,"href":"https:\/\/fritts.es\/en\/wp-json\/wp\/v2\/users\/1"}],"replies":[{"embeddable":true,"href":"https:\/\/fritts.es\/en\/wp-json\/wp\/v2\/comments?post=188"}],"version-history":[{"count":0,"href":"https:\/\/fritts.es\/en\/wp-json\/wp\/v2\/pages\/188\/revisions"}],"wp:attachment":[{"href":"https:\/\/fritts.es\/en\/wp-json\/wp\/v2\/media?parent=188"}],"curies":[{"name":"wp","href":"https:\/\/api.w.org\/{rel}","templated":true}]}}