{"id":2651,"date":"2024-07-24T08:21:31","date_gmt":"2024-07-24T08:21:31","guid":{"rendered":"https:\/\/fritts.es\/?page_id=2651"},"modified":"2025-03-18T09:14:46","modified_gmt":"2025-03-18T09:14:46","slug":"ingenieria","status":"publish","type":"page","link":"https:\/\/fritts.es\/en\/ingenieria\/","title":{"rendered":"Ingenier\u00eda"},"content":{"rendered":"<div data-elementor-type=\"wp-page\" data-elementor-id=\"2651\" class=\"elementor elementor-2651\" data-elementor-post-type=\"page\">\n\t\t\t\t<div class=\"elementor-element elementor-element-f7af93e e-flex e-con-boxed e-con e-parent\" data-id=\"f7af93e\" data-element_type=\"container\" data-settings=\"{&quot;background_background&quot;:&quot;classic&quot;}\">\n\t\t\t\t\t<div class=\"e-con-inner\">\n\t\t<div class=\"elementor-element elementor-element-8893bf5 e-con-full e-flex e-con e-child\" data-id=\"8893bf5\" data-element_type=\"container\">\n\t\t\t\t<div class=\"elementor-element elementor-element-a0d583b elementor-widget elementor-widget-heading\" data-id=\"a0d583b\" data-element_type=\"widget\" data-widget_type=\"heading.default\">\n\t\t\t\t<div class=\"elementor-widget-container\">\n\t\t\t\t\t<h1 class=\"elementor-heading-title elementor-size-default\">Ingenier\u00eda<\/h1>\t\t\t\t<\/div>\n\t\t\t\t<\/div>\n\t\t\t\t<div class=\"elementor-element elementor-element-9ed1bf6 elementor-widget-divider--view-line elementor-widget elementor-widget-divider\" data-id=\"9ed1bf6\" data-element_type=\"widget\" data-widget_type=\"divider.default\">\n\t\t\t\t<div class=\"elementor-widget-container\">\n\t\t\t\t\t\t\t<div class=\"elementor-divider\">\n\t\t\t<span class=\"elementor-divider-separator\">\n\t\t\t\t\t\t<\/span>\n\t\t<\/div>\n\t\t\t\t\t\t<\/div>\n\t\t\t\t<\/div>\n\t\t\t\t<\/div>\n\t\t\t\t\t<\/div>\n\t\t\t\t<\/div>\n\t\t<div class=\"elementor-element elementor-element-83d9842 e-flex e-con-boxed e-con e-parent\" data-id=\"83d9842\" data-element_type=\"container\" data-settings=\"{&quot;background_background&quot;:&quot;gradient&quot;}\">\n\t\t\t\t\t<div class=\"e-con-inner\">\n\t\t\t\t<div class=\"elementor-element elementor-element-153e45a elementor-widget__width-initial elementor-widget elementor-widget-heading\" data-id=\"153e45a\" data-element_type=\"widget\" data-widget_type=\"heading.default\">\n\t\t\t\t<div class=\"elementor-widget-container\">\n\t\t\t\t\t<h3 class=\"elementor-heading-title elementor-size-default\">Instalaci\u00f3n de energ\u00edas renovables para empresas<\/h3>\t\t\t\t<\/div>\n\t\t\t\t<\/div>\n\t\t\t\t\t<\/div>\n\t\t\t\t<\/div>\n\t\t<div class=\"elementor-element elementor-element-42a8d93 e-flex e-con-boxed e-con e-parent\" data-id=\"42a8d93\" data-element_type=\"container\">\n\t\t\t\t\t<div class=\"e-con-inner\">\n\t\t<div class=\"elementor-element elementor-element-f55dbde e-con-full e-flex e-con e-child\" data-id=\"f55dbde\" data-element_type=\"container\">\n\t\t\t\t<div class=\"elementor-element elementor-element-a2c5602 elementor-widget elementor-widget-text-editor\" data-id=\"a2c5602\" data-element_type=\"widget\" data-widget_type=\"text-editor.default\">\n\t\t\t\t<div class=\"elementor-widget-container\">\n\t\t\t\t\t\t\t\t\t<h2>En Fritts, entendemos la importancia de una\u00a0<span style=\"font-weight: bold;\">gesti\u00f3n eficiente y profesional <\/span>en la implementaci\u00f3n de proyectos.<\/h2><div>\u00a0<\/div><p>Nuestro servicio de ingenier\u00eda est\u00e1 dise\u00f1ado para empresas que buscan, entre otras: redacci\u00f3n de proyectos, direcci\u00f3n facultativa de obra, coordinaciones de seguridad y salud centrados principalmente en energ\u00edas renovables, instalaciones de baja y alta tensi\u00f3n, l\u00edneas de AT y Centros de transformaci\u00f3n.<\/p><p>Ofrecemos un enfoque integral que abarca desde la concepci\u00f3n hasta la ejecuci\u00f3n del proyecto, asegurando el cumplimiento de todas las normativas y la optimizaci\u00f3n de los recursos. Siempre buscando las soluciones que m\u00e1s convengan a nuestros clientes.<\/p>\t\t\t\t\t\t\t\t<\/div>\n\t\t\t\t<\/div>\n\t\t\t\t<\/div>\n\t\t<div class=\"elementor-element elementor-element-d67056b e-con-full e-flex e-con e-child\" data-id=\"d67056b\" data-element_type=\"container\">\n\t\t\t\t<div class=\"elementor-element elementor-element-d1089b5 elementor-widget elementor-widget-image\" data-id=\"d1089b5\" data-element_type=\"widget\" data-widget_type=\"image.default\">\n\t\t\t\t<div class=\"elementor-widget-container\">\n\t\t\t\t\t\t\t\t\t\t\t\t\t\t\t<img fetchpriority=\"high\" decoding=\"async\" width=\"800\" height=\"534\" src=\"https:\/\/fritts.es\/wp-content\/uploads\/2024\/08\/Ingenieria-solar-1024x683.jpg\" class=\"attachment-large size-large wp-image-2682\" alt=\"Fritts - Ingenier\u00eda\" srcset=\"https:\/\/fritts.es\/wp-content\/uploads\/2024\/08\/Ingenieria-solar-1024x683.jpg 1024w, https:\/\/fritts.es\/wp-content\/uploads\/2024\/08\/Ingenieria-solar-300x200.jpg 300w, https:\/\/fritts.es\/wp-content\/uploads\/2024\/08\/Ingenieria-solar-768x512.jpg 768w, https:\/\/fritts.es\/wp-content\/uploads\/2024\/08\/Ingenieria-solar-18x12.jpg 18w, https:\/\/fritts.es\/wp-content\/uploads\/2024\/08\/Ingenieria-solar.jpg 1200w\" sizes=\"(max-width: 800px) 100vw, 800px\" \/>\t\t\t\t\t\t\t\t\t\t\t\t\t\t\t<\/div>\n\t\t\t\t<\/div>\n\t\t\t\t<div class=\"elementor-element elementor-element-5f8b76c elementor-hidden-desktop elementor-hidden-mobile elementor-widget elementor-widget-image\" data-id=\"5f8b76c\" data-element_type=\"widget\" data-widget_type=\"image.default\">\n\t\t\t\t<div class=\"elementor-widget-container\">\n\t\t\t\t\t\t\t\t\t\t\t\t\t\t\t<img decoding=\"async\" width=\"800\" height=\"534\" src=\"https:\/\/fritts.es\/wp-content\/uploads\/2024\/08\/ingenieria-fritts-1024x683.jpg\" class=\"attachment-large size-large wp-image-2687\" alt=\"Fritts - Albacete solar\" srcset=\"https:\/\/fritts.es\/wp-content\/uploads\/2024\/08\/ingenieria-fritts-1024x683.jpg 1024w, https:\/\/fritts.es\/wp-content\/uploads\/2024\/08\/ingenieria-fritts-300x200.jpg 300w, https:\/\/fritts.es\/wp-content\/uploads\/2024\/08\/ingenieria-fritts-768x512.jpg 768w, https:\/\/fritts.es\/wp-content\/uploads\/2024\/08\/ingenieria-fritts-18x12.jpg 18w, https:\/\/fritts.es\/wp-content\/uploads\/2024\/08\/ingenieria-fritts.jpg 1200w\" sizes=\"(max-width: 800px) 100vw, 800px\" \/>\t\t\t\t\t\t\t\t\t\t\t\t\t\t\t<\/div>\n\t\t\t\t<\/div>\n\t\t\t\t<\/div>\n\t\t\t\t\t<\/div>\n\t\t\t\t<\/div>\n\t\t<div class=\"elementor-element elementor-element-12ecd1d e-flex e-con-boxed e-con e-parent\" data-id=\"12ecd1d\" data-element_type=\"container\" data-settings=\"{&quot;background_background&quot;:&quot;gradient&quot;}\">\n\t\t\t\t\t<div class=\"e-con-inner\">\n\t\t\t\t<div class=\"elementor-element elementor-element-9677475 elementor-widget elementor-widget-heading\" data-id=\"9677475\" data-element_type=\"widget\" data-widget_type=\"heading.default\">\n\t\t\t\t<div class=\"elementor-widget-container\">\n\t\t\t\t\t<h3 class=\"elementor-heading-title elementor-size-default\">Nuestros servicios de ingenier\u00eda incluyen\n<\/h3>\t\t\t\t<\/div>\n\t\t\t\t<\/div>\n\t\t\t\t\t<\/div>\n\t\t\t\t<\/div>\n\t\t<div class=\"elementor-element elementor-element-d45a4f6 e-flex e-con-boxed e-con e-parent\" data-id=\"d45a4f6\" data-element_type=\"container\">\n\t\t\t\t\t<div class=\"e-con-inner\">\n\t\t<div class=\"elementor-element elementor-element-35949ca e-con-full e-flex e-con e-child\" data-id=\"35949ca\" data-element_type=\"container\">\n\t\t\t\t<div class=\"elementor-element elementor-element-8be330d elementor-widget elementor-widget-text-editor\" data-id=\"8be330d\" data-element_type=\"widget\" data-widget_type=\"text-editor.default\">\n\t\t\t\t<div class=\"elementor-widget-container\">\n\t\t\t\t\t\t\t\t\t<h2>Consultor\u00eda y asesoramiento t\u00e9cnico<\/h2><p>Ofrecemos asesoramiento especializado para la elaboraci\u00f3n de modelos de negocio, contratos y herramientas financieras. Nuestro objetivo es proporcionar soluciones personalizadas que impulsen el \u00e9xito de nuestros clientes a largo plazo.<\/p>\t\t\t\t\t\t\t\t<\/div>\n\t\t\t\t<\/div>\n\t\t\t\t<div class=\"elementor-element elementor-element-c591ddd elementor-widget elementor-widget-text-editor\" data-id=\"c591ddd\" data-element_type=\"widget\" data-widget_type=\"text-editor.default\">\n\t\t\t\t<div class=\"elementor-widget-container\">\n\t\t\t\t\t\t\t\t\t<h2>Estudios de viabilidad<\/h2><p>Realizamos estudios exhaustivos para evaluar la viabilidad t\u00e9cnica y econ\u00f3mica de las instalaciones, incluyendo aerotermia y puntos de recarga para veh\u00edculos el\u00e9ctricos.<\/p>\t\t\t\t\t\t\t\t<\/div>\n\t\t\t\t<\/div>\n\t\t\t\t<div class=\"elementor-element elementor-element-6e10c8c elementor-widget elementor-widget-text-editor\" data-id=\"6e10c8c\" data-element_type=\"widget\" data-widget_type=\"text-editor.default\">\n\t\t\t\t<div class=\"elementor-widget-container\">\n\t\t\t\t\t\t\t\t\t<h2>Gesti\u00f3n de permisos y autorizaciones<\/h2><p>Nos ocupamos de la tramitaci\u00f3n de todos los permisos necesarios, desde licencias municipales hasta autorizaciones administrativas, facilitando un proceso de implementaci\u00f3n sin contratiempos.<\/p>\t\t\t\t\t\t\t\t<\/div>\n\t\t\t\t<\/div>\n\t\t\t\t<div class=\"elementor-element elementor-element-cdfd3e6 elementor-widget elementor-widget-text-editor\" data-id=\"cdfd3e6\" data-element_type=\"widget\" data-widget_type=\"text-editor.default\">\n\t\t\t\t<div class=\"elementor-widget-container\">\n\t\t\t\t\t\t\t\t\t<h2>Proyectos visados y anteproyectos<\/h2><p>Desarrollamos proyectos tanto en baja como en alta tensi\u00f3n. Nuestra experiencia garantiza que cada proyecto se adapte a las especificaciones t\u00e9cnicas y normativas vigentes.<\/p>\t\t\t\t\t\t\t\t<\/div>\n\t\t\t\t<\/div>\n\t\t\t\t<div class=\"elementor-element elementor-element-870b468 elementor-widget elementor-widget-text-editor\" data-id=\"870b468\" data-element_type=\"widget\" data-widget_type=\"text-editor.default\">\n\t\t\t\t<div class=\"elementor-widget-container\">\n\t\t\t\t\t\t\t\t\t<h2>Direcci\u00f3n facultativa de obra<\/h2><p><span style=\"color: var( --e-global-color-text ); font-family: var( --e-global-typography-text-font-family ), Sans-serif; font-weight: var( --e-global-typography-text-font-weight ); text-align: var(--text-align); font-size: 1rem;\">Supervisamos y dirigimos la ejecuci\u00f3n de las obras, asegurando que cada etapa se complete con los m\u00e1s altos est\u00e1ndares de calidad y eficiencia. Nos encargamos de la coordinaci\u00f3n y gesti\u00f3n de todos los aspectos t\u00e9cnicos y administrativos.<\/span><\/p><div>\u00a0<\/div>\t\t\t\t\t\t\t\t<\/div>\n\t\t\t\t<\/div>\n\t\t\t\t<\/div>\n\t\t\t\t\t<\/div>\n\t\t\t\t<\/div>\n\t\t<div class=\"elementor-element elementor-element-30049d3 e-flex e-con-boxed e-con e-parent\" data-id=\"30049d3\" data-element_type=\"container\" data-settings=\"{&quot;background_background&quot;:&quot;gradient&quot;}\">\n\t\t\t\t\t<div class=\"e-con-inner\">\n\t\t\t\t<div class=\"elementor-element elementor-element-357db5d elementor-widget elementor-widget-heading\" data-id=\"357db5d\" data-element_type=\"widget\" data-widget_type=\"heading.default\">\n\t\t\t\t<div class=\"elementor-widget-container\">\n\t\t\t\t\t<h3 class=\"elementor-heading-title elementor-size-default\">Formaci\u00f3n y actualizaci\u00f3n<\/h3>\t\t\t\t<\/div>\n\t\t\t\t<\/div>\n\t\t\t\t\t<\/div>\n\t\t\t\t<\/div>\n\t\t<div class=\"elementor-element elementor-element-6c868fc e-flex e-con-boxed e-con e-parent\" data-id=\"6c868fc\" data-element_type=\"container\">\n\t\t\t\t\t<div class=\"e-con-inner\">\n\t\t<div class=\"elementor-element elementor-element-439f72e e-con-full e-flex e-con e-child\" data-id=\"439f72e\" data-element_type=\"container\">\n\t\t\t\t<div class=\"elementor-element elementor-element-5e5cd3b elementor-widget elementor-widget-text-editor\" data-id=\"5e5cd3b\" data-element_type=\"widget\" data-widget_type=\"text-editor.default\">\n\t\t\t\t<div class=\"elementor-widget-container\">\n\t\t\t\t\t\t\t\t\t<h3>Proporcionamos <b>formaci\u00f3n continua y actualizaciones sobre novedades regulatorias y t\u00e9cnicas<\/b>, asegurando que nuestros clientes est\u00e9n siempre al d\u00eda con los \u00faltimos avances y requerimientos del sector.<\/h3><p>En FRITTS, nuestro compromiso es ofrecer un servicio de ingenier\u00eda de alta calidad que no solo cumple con las expectativas, sino que las supera, aportando un valor a\u00f1adido a cada proyecto de energ\u00eda renovable.<\/p><p>Conf\u00eda en nosotros para llevar su empresa hacia un futuro m\u00e1s sostenible y eficiente.<\/p>\t\t\t\t\t\t\t\t<\/div>\n\t\t\t\t<\/div>\n\t\t\t\t<\/div>\n\t\t\t\t\t<\/div>\n\t\t\t\t<\/div>\n\t\t<div class=\"elementor-element elementor-element-420940e e-flex e-con-boxed e-con e-parent\" data-id=\"420940e\" data-element_type=\"container\">\n\t\t\t\t\t<div class=\"e-con-inner\">\n\t\t\t\t<div class=\"elementor-element elementor-element-04100a4 elementor-align-center elementor-widget elementor-widget-button\" data-id=\"04100a4\" data-element_type=\"widget\" data-widget_type=\"button.default\">\n\t\t\t\t<div class=\"elementor-widget-container\">\n\t\t\t\t\t\t\t\t\t<div class=\"elementor-button-wrapper\">\n\t\t\t\t\t<a class=\"elementor-button elementor-button-link elementor-size-sm\" href=\"https:\/\/fritts.es\/en\/contacto\/\">\n\t\t\t\t\t\t<span class=\"elementor-button-content-wrapper\">\n\t\t\t\t\t\t\t\t\t<span class=\"elementor-button-text\">Para m\u00e1s informaci\u00f3n y consultas cont\u00e1ctenos directamente.<\/span>\n\t\t\t\t\t<\/span>\n\t\t\t\t\t<\/a>\n\t\t\t\t<\/div>\n\t\t\t\t\t\t\t\t<\/div>\n\t\t\t\t<\/div>\n\t\t\t\t\t<\/div>\n\t\t\t\t<\/div>\n\t\t\t\t<\/div>","protected":false},"excerpt":{"rendered":"<p>Ingenier\u00eda Instalaci\u00f3n de energ\u00edas renovables para empresas En Fritts, entendemos la importancia de una\u00a0gesti\u00f3n eficiente y profesional en la implementaci\u00f3n de proyectos. \u00a0 Nuestro servicio de ingenier\u00eda est\u00e1 dise\u00f1ado para empresas que buscan, entre otras: redacci\u00f3n de proyectos, direcci\u00f3n facultativa de obra, coordinaciones de seguridad y salud centrados principalmente en energ\u00edas renovables, instalaciones de baja [&hellip;]<\/p>","protected":false},"author":1,"featured_media":0,"parent":0,"menu_order":0,"comment_status":"closed","ping_status":"closed","template":"","meta":{"footnotes":""},"class_list":["post-2651","page","type-page","status-publish","hentry"],"yoast_head":"<!-- This site is optimized with the Yoast SEO plugin v25.7 - https:\/\/yoast.com\/wordpress\/plugins\/seo\/ -->\n<title>Ingenier\u00eda - Fritts<\/title>\n<meta name=\"description\" content=\"En Fritts dise\u00f1amos soluciones fotovoltaicas a medida para hogares y empresas. \u00a1Optimiza tu autoconsumo con expertos!\" \/>\n<meta name=\"robots\" content=\"index, follow, max-snippet:-1, max-image-preview:large, max-video-preview:-1\" \/>\n<link rel=\"canonical\" href=\"https:\/\/fritts.es\/en\/ingenieria\/\" \/>\n<meta property=\"og:locale\" content=\"en_GB\" \/>\n<meta property=\"og:type\" content=\"article\" \/>\n<meta property=\"og:title\" content=\"Ingenier\u00eda - Fritts\" \/>\n<meta property=\"og:description\" content=\"En Fritts dise\u00f1amos soluciones fotovoltaicas a medida para hogares y empresas. \u00a1Optimiza tu autoconsumo con expertos!\" \/>\n<meta property=\"og:url\" content=\"https:\/\/fritts.es\/en\/ingenieria\/\" \/>\n<meta property=\"og:site_name\" content=\"Fritts\" \/>\n<meta property=\"article:modified_time\" content=\"2025-03-18T09:14:46+00:00\" \/>\n<meta property=\"og:image\" content=\"https:\/\/fritts.es\/wp-content\/uploads\/2024\/08\/Ingenieria-solar-1024x683.jpg\" \/>\n<meta name=\"twitter:card\" content=\"summary_large_image\" \/>\n<meta name=\"twitter:label1\" content=\"Estimated reading time\" \/>\n\t<meta name=\"twitter:data1\" content=\"2 minutes\" \/>\n<script type=\"application\/ld+json\" class=\"yoast-schema-graph\">{\"@context\":\"https:\/\/schema.org\",\"@graph\":[{\"@type\":\"WebPage\",\"@id\":\"https:\/\/fritts.es\/ingenieria\/\",\"url\":\"https:\/\/fritts.es\/ingenieria\/\",\"name\":\"Ingenier\u00eda - Fritts\",\"isPartOf\":{\"@id\":\"https:\/\/fritts.es\/#website\"},\"primaryImageOfPage\":{\"@id\":\"https:\/\/fritts.es\/ingenieria\/#primaryimage\"},\"image\":{\"@id\":\"https:\/\/fritts.es\/ingenieria\/#primaryimage\"},\"thumbnailUrl\":\"https:\/\/fritts.es\/wp-content\/uploads\/2024\/08\/Ingenieria-solar-1024x683.jpg\",\"datePublished\":\"2024-07-24T08:21:31+00:00\",\"dateModified\":\"2025-03-18T09:14:46+00:00\",\"description\":\"En Fritts dise\u00f1amos soluciones fotovoltaicas a medida para hogares y empresas. \u00a1Optimiza tu autoconsumo con expertos!\",\"breadcrumb\":{\"@id\":\"https:\/\/fritts.es\/ingenieria\/#breadcrumb\"},\"inLanguage\":\"en-GB\",\"potentialAction\":[{\"@type\":\"ReadAction\",\"target\":[\"https:\/\/fritts.es\/ingenieria\/\"]}]},{\"@type\":\"ImageObject\",\"inLanguage\":\"en-GB\",\"@id\":\"https:\/\/fritts.es\/ingenieria\/#primaryimage\",\"url\":\"https:\/\/fritts.es\/wp-content\/uploads\/2024\/08\/Ingenieria-solar-1024x683.jpg\",\"contentUrl\":\"https:\/\/fritts.es\/wp-content\/uploads\/2024\/08\/Ingenieria-solar-1024x683.jpg\"},{\"@type\":\"BreadcrumbList\",\"@id\":\"https:\/\/fritts.es\/ingenieria\/#breadcrumb\",\"itemListElement\":[{\"@type\":\"ListItem\",\"position\":1,\"name\":\"Portada\",\"item\":\"https:\/\/fritts.es\/\"},{\"@type\":\"ListItem\",\"position\":2,\"name\":\"Ingenier\u00eda\"}]},{\"@type\":\"WebSite\",\"@id\":\"https:\/\/fritts.es\/#website\",\"url\":\"https:\/\/fritts.es\/\",\"name\":\"Fritts\",\"description\":\"Instalaci\u00f3n industrial de placas solares\",\"publisher\":{\"@id\":\"https:\/\/fritts.es\/#organization\"},\"potentialAction\":[{\"@type\":\"SearchAction\",\"target\":{\"@type\":\"EntryPoint\",\"urlTemplate\":\"https:\/\/fritts.es\/?s={search_term_string}\"},\"query-input\":{\"@type\":\"PropertyValueSpecification\",\"valueRequired\":true,\"valueName\":\"search_term_string\"}}],\"inLanguage\":\"en-GB\"},{\"@type\":\"Organization\",\"@id\":\"https:\/\/fritts.es\/#organization\",\"name\":\"Fritts\",\"url\":\"https:\/\/fritts.es\/\",\"logo\":{\"@type\":\"ImageObject\",\"inLanguage\":\"en-GB\",\"@id\":\"https:\/\/fritts.es\/#\/schema\/logo\/image\/\",\"url\":\"https:\/\/fritts.es\/wp-content\/uploads\/2023\/12\/Capa-2.png\",\"contentUrl\":\"https:\/\/fritts.es\/wp-content\/uploads\/2023\/12\/Capa-2.png\",\"width\":974,\"height\":380,\"caption\":\"Fritts\"},\"image\":{\"@id\":\"https:\/\/fritts.es\/#\/schema\/logo\/image\/\"},\"sameAs\":[\"https:\/\/es.linkedin.com\/company\/frittsingenieria\"]}]}<\/script>\n<!-- \/ Yoast SEO plugin. -->","yoast_head_json":{"title":"Ingenier\u00eda - Fritts","description":"En Fritts dise\u00f1amos soluciones fotovoltaicas a medida para hogares y empresas. \u00a1Optimiza tu autoconsumo con expertos!","robots":{"index":"index","follow":"follow","max-snippet":"max-snippet:-1","max-image-preview":"max-image-preview:large","max-video-preview":"max-video-preview:-1"},"canonical":"https:\/\/fritts.es\/en\/ingenieria\/","og_locale":"en_GB","og_type":"article","og_title":"Ingenier\u00eda - Fritts","og_description":"En Fritts dise\u00f1amos soluciones fotovoltaicas a medida para hogares y empresas. \u00a1Optimiza tu autoconsumo con expertos!","og_url":"https:\/\/fritts.es\/en\/ingenieria\/","og_site_name":"Fritts","article_modified_time":"2025-03-18T09:14:46+00:00","og_image":[{"url":"https:\/\/fritts.es\/wp-content\/uploads\/2024\/08\/Ingenieria-solar-1024x683.jpg","type":"","width":"","height":""}],"twitter_card":"summary_large_image","twitter_misc":{"Estimated reading time":"2 minutes"},"schema":{"@context":"https:\/\/schema.org","@graph":[{"@type":"WebPage","@id":"https:\/\/fritts.es\/ingenieria\/","url":"https:\/\/fritts.es\/ingenieria\/","name":"Ingenier\u00eda - Fritts","isPartOf":{"@id":"https:\/\/fritts.es\/#website"},"primaryImageOfPage":{"@id":"https:\/\/fritts.es\/ingenieria\/#primaryimage"},"image":{"@id":"https:\/\/fritts.es\/ingenieria\/#primaryimage"},"thumbnailUrl":"https:\/\/fritts.es\/wp-content\/uploads\/2024\/08\/Ingenieria-solar-1024x683.jpg","datePublished":"2024-07-24T08:21:31+00:00","dateModified":"2025-03-18T09:14:46+00:00","description":"En Fritts dise\u00f1amos soluciones fotovoltaicas a medida para hogares y empresas. \u00a1Optimiza tu autoconsumo con expertos!","breadcrumb":{"@id":"https:\/\/fritts.es\/ingenieria\/#breadcrumb"},"inLanguage":"en-GB","potentialAction":[{"@type":"ReadAction","target":["https:\/\/fritts.es\/ingenieria\/"]}]},{"@type":"ImageObject","inLanguage":"en-GB","@id":"https:\/\/fritts.es\/ingenieria\/#primaryimage","url":"https:\/\/fritts.es\/wp-content\/uploads\/2024\/08\/Ingenieria-solar-1024x683.jpg","contentUrl":"https:\/\/fritts.es\/wp-content\/uploads\/2024\/08\/Ingenieria-solar-1024x683.jpg"},{"@type":"BreadcrumbList","@id":"https:\/\/fritts.es\/ingenieria\/#breadcrumb","itemListElement":[{"@type":"ListItem","position":1,"name":"Portada","item":"https:\/\/fritts.es\/"},{"@type":"ListItem","position":2,"name":"Ingenier\u00eda"}]},{"@type":"WebSite","@id":"https:\/\/fritts.es\/#website","url":"https:\/\/fritts.es\/","name":"Fritts","description":"Instalaci\u00f3n industrial de placas solares","publisher":{"@id":"https:\/\/fritts.es\/#organization"},"potentialAction":[{"@type":"SearchAction","target":{"@type":"EntryPoint","urlTemplate":"https:\/\/fritts.es\/?s={search_term_string}"},"query-input":{"@type":"PropertyValueSpecification","valueRequired":true,"valueName":"search_term_string"}}],"inLanguage":"en-GB"},{"@type":"Organization","@id":"https:\/\/fritts.es\/#organization","name":"Fritts","url":"https:\/\/fritts.es\/","logo":{"@type":"ImageObject","inLanguage":"en-GB","@id":"https:\/\/fritts.es\/#\/schema\/logo\/image\/","url":"https:\/\/fritts.es\/wp-content\/uploads\/2023\/12\/Capa-2.png","contentUrl":"https:\/\/fritts.es\/wp-content\/uploads\/2023\/12\/Capa-2.png","width":974,"height":380,"caption":"Fritts"},"image":{"@id":"https:\/\/fritts.es\/#\/schema\/logo\/image\/"},"sameAs":["https:\/\/es.linkedin.com\/company\/frittsingenieria"]}]}},"_links":{"self":[{"href":"https:\/\/fritts.es\/en\/wp-json\/wp\/v2\/pages\/2651","targetHints":{"allow":["GET"]}}],"collection":[{"href":"https:\/\/fritts.es\/en\/wp-json\/wp\/v2\/pages"}],"about":[{"href":"https:\/\/fritts.es\/en\/wp-json\/wp\/v2\/types\/page"}],"author":[{"embeddable":true,"href":"https:\/\/fritts.es\/en\/wp-json\/wp\/v2\/users\/1"}],"replies":[{"embeddable":true,"href":"https:\/\/fritts.es\/en\/wp-json\/wp\/v2\/comments?post=2651"}],"version-history":[{"count":0,"href":"https:\/\/fritts.es\/en\/wp-json\/wp\/v2\/pages\/2651\/revisions"}],"wp:attachment":[{"href":"https:\/\/fritts.es\/en\/wp-json\/wp\/v2\/media?parent=2651"}],"curies":[{"name":"wp","href":"https:\/\/api.w.org\/{rel}","templated":true}]}}