{"id":60,"date":"2023-02-23T10:39:26","date_gmt":"2023-02-23T10:39:26","guid":{"rendered":"https:\/\/fritts.es\/?page_id=60"},"modified":"2025-03-18T09:55:58","modified_gmt":"2025-03-18T09:55:58","slug":"contacto","status":"publish","type":"page","link":"https:\/\/fritts.es\/en\/contacto\/","title":{"rendered":"Contact"},"content":{"rendered":"<div data-elementor-type=\"wp-page\" data-elementor-id=\"60\" class=\"elementor elementor-60\" data-elementor-post-type=\"page\">\n\t\t\t\t<div class=\"elementor-element elementor-element-957b6a2 e-con-full e-flex e-con e-parent\" data-id=\"957b6a2\" data-element_type=\"container\" data-settings=\"{&quot;background_background&quot;:&quot;classic&quot;}\">\n\t\t<div class=\"elementor-element elementor-element-c951539 e-con-full e-flex e-con e-child\" data-id=\"c951539\" data-element_type=\"container\">\n\t\t\t\t<div class=\"elementor-element elementor-element-2bd722e elementor-widget elementor-widget-heading\" data-id=\"2bd722e\" data-element_type=\"widget\" data-widget_type=\"heading.default\">\n\t\t\t\t<div class=\"elementor-widget-container\">\n\t\t\t\t\t<h1 class=\"elementor-heading-title elementor-size-default\">CONTACT<\/h1>\t\t\t\t<\/div>\n\t\t\t\t<\/div>\n\t\t\t\t<div class=\"elementor-element elementor-element-a08dbc8 elementor-widget-divider--view-line elementor-widget elementor-widget-divider\" data-id=\"a08dbc8\" data-element_type=\"widget\" data-widget_type=\"divider.default\">\n\t\t\t\t<div class=\"elementor-widget-container\">\n\t\t\t\t\t\t\t<div class=\"elementor-divider\">\n\t\t\t<span class=\"elementor-divider-separator\">\n\t\t\t\t\t\t<\/span>\n\t\t<\/div>\n\t\t\t\t\t\t<\/div>\n\t\t\t\t<\/div>\n\t\t\t\t<div class=\"elementor-element elementor-element-87e05e1 elementor-widget elementor-widget-text-editor\" data-id=\"87e05e1\" data-element_type=\"widget\" data-widget_type=\"text-editor.default\">\n\t\t\t\t<div class=\"elementor-widget-container\">\n\t\t\t\t\t\t\t\t\t<p>HOW CAN WE HELP?<\/p>\t\t\t\t\t\t\t\t<\/div>\n\t\t\t\t<\/div>\n\t\t\t\t<\/div>\n\t\t\t\t<\/div>\n\t\t<div class=\"elementor-element elementor-element-d812ec9 e-flex e-con-boxed e-con e-parent\" data-id=\"d812ec9\" data-element_type=\"container\">\n\t\t\t\t\t<div class=\"e-con-inner\">\n\t\t<div class=\"elementor-element elementor-element-d87ae06 e-con-full e-flex e-con e-child\" data-id=\"d87ae06\" data-element_type=\"container\">\n\t\t\t\t<div class=\"elementor-element elementor-element-ba7d952 elementor-widget elementor-widget-heading\" data-id=\"ba7d952\" data-element_type=\"widget\" data-widget_type=\"heading.default\">\n\t\t\t\t<div class=\"elementor-widget-container\">\n\t\t\t\t\t<h2 class=\"elementor-heading-title elementor-size-default\">READY TO HELP YOU<\/h2>\t\t\t\t<\/div>\n\t\t\t\t<\/div>\n\t\t\t\t<div class=\"elementor-element elementor-element-6a0a04d elementor-widget-divider--view-line elementor-widget elementor-widget-divider\" data-id=\"6a0a04d\" data-element_type=\"widget\" data-widget_type=\"divider.default\">\n\t\t\t\t<div class=\"elementor-widget-container\">\n\t\t\t\t\t\t\t<div class=\"elementor-divider\">\n\t\t\t<span class=\"elementor-divider-separator\">\n\t\t\t\t\t\t<\/span>\n\t\t<\/div>\n\t\t\t\t\t\t<\/div>\n\t\t\t\t<\/div>\n\t\t\t\t<div class=\"elementor-element elementor-element-48ccb71 elementor-widget elementor-widget-text-editor\" data-id=\"48ccb71\" data-element_type=\"widget\" data-widget_type=\"text-editor.default\">\n\t\t\t\t<div class=\"elementor-widget-container\">\n\t\t\t\t\t\t\t\t\t<p>You can contact us by phone, email or at our offices. You can also write to us using the contact form. You will have a team of professionals prepared to advise you.<\/p>\t\t\t\t\t\t\t\t<\/div>\n\t\t\t\t<\/div>\n\t\t\t\t<div class=\"elementor-element elementor-element-ad932df elementor-widget elementor-widget-heading\" data-id=\"ad932df\" data-element_type=\"widget\" data-widget_type=\"heading.default\">\n\t\t\t\t<div class=\"elementor-widget-container\">\n\t\t\t\t\t<h3 class=\"elementor-heading-title elementor-size-default\">CONS\u00daLTANOS, TE ASESORAREMOS<\/h3>\t\t\t\t<\/div>\n\t\t\t\t<\/div>\n\t\t\t\t<div class=\"elementor-element elementor-element-938a06b elementor-align-left elementor-icon-list--layout-traditional elementor-list-item-link-full_width elementor-widget elementor-widget-icon-list\" data-id=\"938a06b\" data-element_type=\"widget\" data-widget_type=\"icon-list.default\">\n\t\t\t\t<div class=\"elementor-widget-container\">\n\t\t\t\t\t\t\t<ul class=\"elementor-icon-list-items\">\n\t\t\t\t\t\t\t<li class=\"elementor-icon-list-item\">\n\t\t\t\t\t\t\t\t\t\t\t<span class=\"elementor-icon-list-icon\">\n\t\t\t\t\t\t\t<svg aria-hidden=\"true\" class=\"e-font-icon-svg e-fas-mobile-alt\" viewbox=\"0 0 320 512\" xmlns=\"http:\/\/www.w3.org\/2000\/svg\"><path d=\"M272 0H48C21.5 0 0 21.5 0 48v416c0 26.5 21.5 48 48 48h224c26.5 0 48-21.5 48-48V48c0-26.5-21.5-48-48-48zM160 480c-17.7 0-32-14.3-32-32s14.3-32 32-32 32 14.3 32 32-14.3 32-32 32zm112-108c0 6.6-5.4 12-12 12H60c-6.6 0-12-5.4-12-12V60c0-6.6 5.4-12 12-12h200c6.6 0 12 5.4 12 12v312z\"><\/path><\/svg>\t\t\t\t\t\t<\/span>\n\t\t\t\t\t\t\t\t\t\t<span class=\"elementor-icon-list-text\">(+34) 644 75 26 17<\/span>\n\t\t\t\t\t\t\t\t\t<\/li>\n\t\t\t\t\t\t\t\t<li class=\"elementor-icon-list-item\">\n\t\t\t\t\t\t\t\t\t\t\t<span class=\"elementor-icon-list-icon\">\n\t\t\t\t\t\t\t<svg aria-hidden=\"true\" class=\"e-font-icon-svg e-far-envelope\" viewbox=\"0 0 512 512\" xmlns=\"http:\/\/www.w3.org\/2000\/svg\"><path d=\"M464 64H48C21.49 64 0 85.49 0 112v288c0 26.51 21.49 48 48 48h416c26.51 0 48-21.49 48-48V112c0-26.51-21.49-48-48-48zm0 48v40.805c-22.422 18.259-58.168 46.651-134.587 106.49-16.841 13.247-50.201 45.072-73.413 44.701-23.208.375-56.579-31.459-73.413-44.701C106.18 199.465 70.425 171.067 48 152.805V112h416zM48 400V214.398c22.914 18.251 55.409 43.862 104.938 82.646 21.857 17.205 60.134 55.186 103.062 54.955 42.717.231 80.509-37.199 103.053-54.947 49.528-38.783 82.032-64.401 104.947-82.653V400H48z\"><\/path><\/svg>\t\t\t\t\t\t<\/span>\n\t\t\t\t\t\t\t\t\t\t<span class=\"elementor-icon-list-text\">info@fritts.es<\/span>\n\t\t\t\t\t\t\t\t\t<\/li>\n\t\t\t\t\t\t\t\t<li class=\"elementor-icon-list-item\">\n\t\t\t\t\t\t\t\t\t\t\t<span class=\"elementor-icon-list-icon\">\n\t\t\t\t\t\t\t<svg aria-hidden=\"true\" class=\"e-font-icon-svg e-fas-map-marker\" viewbox=\"0 0 384 512\" xmlns=\"http:\/\/www.w3.org\/2000\/svg\"><path d=\"M172.268 501.67C26.97 291.031 0 269.413 0 192 0 85.961 85.961 0 192 0s192 85.961 192 192c0 77.413-26.97 99.031-172.268 309.67-9.535 13.774-29.93 13.773-39.464 0z\"><\/path><\/svg>\t\t\t\t\t\t<\/span>\n\t\t\t\t\t\t\t\t\t\t<span class=\"elementor-icon-list-text\">Pol. Ind. Romica, Calle 2, Parcela 144, 02007 Albacete<\/span>\n\t\t\t\t\t\t\t\t\t<\/li>\n\t\t\t\t\t\t<\/ul>\n\t\t\t\t\t\t<\/div>\n\t\t\t\t<\/div>\n\t\t\t\t<\/div>\n\t\t<div class=\"elementor-element elementor-element-c966bef e-con-full e-flex e-con e-child\" data-id=\"c966bef\" data-element_type=\"container\">\n\t\t\t\t<div class=\"elementor-element elementor-element-c07e00b elementor-button-align-stretch elementor-widget elementor-widget-form\" data-id=\"c07e00b\" data-element_type=\"widget\" data-settings=\"{&quot;step_next_label&quot;:&quot;Siguiente&quot;,&quot;step_previous_label&quot;:&quot;Anterior&quot;,&quot;button_width&quot;:&quot;100&quot;,&quot;step_type&quot;:&quot;number_text&quot;,&quot;step_icon_shape&quot;:&quot;circle&quot;}\" data-widget_type=\"form.default\">\n\t\t\t\t<div class=\"elementor-widget-container\">\n\t\t\t\t\t\t\t<form class=\"elementor-form\" method=\"post\" name=\"Nuevo formulario\" aria-label=\"Nuevo formulario\" action=\"\">\n\t\t\t<input type=\"hidden\" name=\"post_id\" value=\"60\"\/>\n\t\t\t<input type=\"hidden\" name=\"form_id\" value=\"c07e00b\"\/>\n\t\t\t<input type=\"hidden\" name=\"referer_title\" value=\"Contacto - Fritts\" \/>\n\n\t\t\t\t\t\t\t<input type=\"hidden\" name=\"queried_id\" value=\"60\"\/>\n\t\t\t\n\t\t\t<div class=\"elementor-form-fields-wrapper elementor-labels-\">\n\t\t\t\t\t\t\t\t<div class=\"elementor-field-type-text elementor-field-group elementor-column elementor-field-group-nombre elementor-col-100 elementor-field-required\">\n\t\t\t\t\t\t\t\t\t\t\t\t<label for=\"form-field-nombre\" class=\"elementor-field-label elementor-screen-only\">\n\t\t\t\t\t\t\t\tName\t\t\t\t\t\t\t<\/label>\n\t\t\t\t\t\t\t\t\t\t\t\t\t\t<input size=\"1\" type=\"text\" name=\"form_fields[nombre]\" id=\"form-field-nombre\" class=\"elementor-field elementor-size-sm  elementor-field-textual\" placeholder=\"Name\" required=\"required\">\n\t\t\t\t\t\t\t\t\t\t\t<\/div>\n\t\t\t\t\t\t\t\t<div class=\"elementor-field-type-text elementor-field-group elementor-column elementor-field-group-empresa elementor-col-100\">\n\t\t\t\t\t\t\t\t\t\t\t\t<label for=\"form-field-empresa\" class=\"elementor-field-label elementor-screen-only\">\n\t\t\t\t\t\t\t\tCompany\t\t\t\t\t\t\t<\/label>\n\t\t\t\t\t\t\t\t\t\t\t\t\t\t<input size=\"1\" type=\"text\" name=\"form_fields[empresa]\" id=\"form-field-empresa\" class=\"elementor-field elementor-size-sm  elementor-field-textual\" placeholder=\"Company\">\n\t\t\t\t\t\t\t\t\t\t\t<\/div>\n\t\t\t\t\t\t\t\t<div class=\"elementor-field-type-email elementor-field-group elementor-column elementor-field-group-email elementor-col-100 elementor-field-required\">\n\t\t\t\t\t\t\t\t\t\t\t\t<label for=\"form-field-email\" class=\"elementor-field-label elementor-screen-only\">\n\t\t\t\t\t\t\t\tEmail\t\t\t\t\t\t\t<\/label>\n\t\t\t\t\t\t\t\t\t\t\t\t\t\t<input size=\"1\" type=\"email\" name=\"form_fields[email]\" id=\"form-field-email\" class=\"elementor-field elementor-size-sm  elementor-field-textual\" placeholder=\"Email\" required=\"required\">\n\t\t\t\t\t\t\t\t\t\t\t<\/div>\n\t\t\t\t\t\t\t\t<div class=\"elementor-field-type-html elementor-field-group elementor-column elementor-field-group-field_c86acb6 elementor-col-100\">\n\t\t\t\t\tType of service\t\t\t\t<\/div>\n\t\t\t\t\t\t\t\t<div class=\"elementor-field-type-radio elementor-field-group elementor-column elementor-field-group-instalacion elementor-col-100\">\n\t\t\t\t\t\t\t\t\t\t\t\t<label for=\"form-field-instalacion\" class=\"elementor-field-label elementor-screen-only\">\n\t\t\t\t\t\t\t\tType of service\t\t\t\t\t\t\t<\/label>\n\t\t\t\t\t\t<div class=\"elementor-field-subgroup  elementor-subgroup-inline\"><span class=\"elementor-field-option\"><input type=\"radio\" value=\"Particular\" id=\"form-field-instalacion-0\" name=\"form_fields[instalacion]\"> <label for=\"form-field-instalacion-0\">Particular<\/label><\/span><span class=\"elementor-field-option\"><input type=\"radio\" value=\"Empresa\" id=\"form-field-instalacion-1\" name=\"form_fields[instalacion]\"> <label for=\"form-field-instalacion-1\">Company<\/label><\/span><span class=\"elementor-field-option\"><input type=\"radio\" value=\"Instituci\u00f3n\" id=\"form-field-instalacion-2\" name=\"form_fields[instalacion]\"> <label for=\"form-field-instalacion-2\">Institution<\/label><\/span><\/div>\t\t\t\t<\/div>\n\t\t\t\t\t\t\t\t<div class=\"elementor-field-type-textarea elementor-field-group elementor-column elementor-field-group-mensaje elementor-col-100\">\n\t\t\t\t\t\t\t\t\t\t\t\t<label for=\"form-field-mensaje\" class=\"elementor-field-label elementor-screen-only\">\n\t\t\t\t\t\t\t\tMessage\t\t\t\t\t\t\t<\/label>\n\t\t\t\t\t\t<textarea class=\"elementor-field-textual elementor-field  elementor-size-sm\" name=\"form_fields[mensaje]\" id=\"form-field-mensaje\" rows=\"4\" placeholder=\"Message\"><\/textarea>\t\t\t\t<\/div>\n\t\t\t\t\t\t\t\t<div class=\"elementor-field-type-acceptance elementor-field-group elementor-column elementor-field-group-aceptacion elementor-col-100 elementor-field-required\">\n\t\t\t\t\t\t\t<div class=\"elementor-field-subgroup\">\n\t\t\t<span class=\"elementor-field-option\">\n\t\t\t\t<input type=\"checkbox\" name=\"form_fields[aceptacion]\" id=\"form-field-aceptacion\" class=\"elementor-field elementor-size-sm  elementor-acceptance-field\" required=\"required\">\n\t\t\t\t<label for=\"form-field-aceptacion\">I have read and accept the <a href=\"\/en\/politica-de-privacidad\/\">Privacy Policy<\/a> <\/label>\t\t\t<\/span>\n\t\t<\/div>\n\t\t\t\t\t\t<\/div>\n\t\t\t\t\t\t\t\t<div class=\"elementor-field-type-html elementor-field-group elementor-column elementor-field-group-field_229366d elementor-col-100\">\n\t\t\t\t\tResponsible: DBP Energ\u00e9tica 2020 S.L<br>\nNIF: B-54890025<br>\nPostal address: Calle Juan Calpena, 18. 03680-Aspe (Alicante)<br>\nCorreo electr\u00f3nico: info@fritts.es<br>\nEn nombre de la empresa tratamos la informaci\u00f3n que nos facilita con el fin de prestarles el servicio solicitado, realizar la facturaci\u00f3n del mismo. Los datos proporcionados se conservar\u00e1n mientras se mantenga la relaci\u00f3n comercial o durante los a\u00f1os necesarios para cumplir con las obligaciones legales. Los datos no se ceden a terceros salvo en los casos en que exista una obligaci\u00f3n legal. Usted tiene derecho a obtener confirmaci\u00f3n sobre si en DBP Energ\u00e9tica 2020 S.L estamos tratando sus datos personales por tanto tiene derecho a acceder a sus datos personales, rectificar los datos inexactos o solicitar su supresi\u00f3n cuando los datos ya no sean necesarios.\t\t\t\t<\/div>\n\t\t\t\t\t\t\t\t<div class=\"elementor-field-type-recaptcha_v3 elementor-field-group elementor-column elementor-field-group-captcha elementor-col-100 recaptcha_v3-inline\">\n\t\t\t\t\t<div class=\"elementor-field\" id=\"form-field-captcha\"><div class=\"elementor-g-recaptcha\" data-sitekey=\"6LeyUrEkAAAAADcz0xOw25LiaHnJY8HknviEUZQ_\" data-type=\"v3\" data-action=\"Form\" data-badge=\"inline\" data-size=\"invisible\"><\/div><\/div>\t\t\t\t<\/div>\n\t\t\t\t\t\t\t\t<div class=\"elementor-field-group elementor-column elementor-field-type-submit elementor-col-100 e-form__buttons\">\n\t\t\t\t\t<button class=\"elementor-button elementor-size-sm\" type=\"submit\">\n\t\t\t\t\t\t<span class=\"elementor-button-content-wrapper\">\n\t\t\t\t\t\t\t\t\t\t\t\t\t\t\t\t\t\t\t\t\t\t<span class=\"elementor-button-text\">Send<\/span>\n\t\t\t\t\t\t\t\t\t\t\t\t\t<\/span>\n\t\t\t\t\t<\/button>\n\t\t\t\t<\/div>\n\t\t\t<\/div>\n\t\t<input type=\"hidden\" name=\"trp-form-language\" value=\"en\"\/><\/form>\n\t\t\t\t\t\t<\/div>\n\t\t\t\t<\/div>\n\t\t\t\t<\/div>\n\t\t\t\t\t<\/div>\n\t\t\t\t<\/div>\n\t\t<div class=\"elementor-element elementor-element-1e43ab2 e-con-full e-flex e-con e-parent\" data-id=\"1e43ab2\" data-element_type=\"container\">\n\t\t\t\t<div class=\"elementor-element elementor-element-0532928 elementor-widget elementor-widget-google_maps\" data-id=\"0532928\" data-element_type=\"widget\" data-widget_type=\"google_maps.default\">\n\t\t\t\t<div class=\"elementor-widget-container\">\n\t\t\t\t\t\t\t<div class=\"elementor-custom-embed\">\n\t\t\t<iframe loading=\"lazy\"\n\t\t\t\t\tsrc=\"https:\/\/maps.google.com\/maps?q=FRITTS&#038;t=m&#038;z=10&#038;output=embed&#038;iwloc=near\"\n\t\t\t\t\ttitle=\"FRITTS\"\n\t\t\t\t\taria-label=\"FRITTS\"\n\t\t\t><\/iframe>\n\t\t<\/div>\n\t\t\t\t\t\t<\/div>\n\t\t\t\t<\/div>\n\t\t\t\t<\/div>\n\t\t<div class=\"elementor-element elementor-element-6e63cd1 e-flex e-con-boxed e-con e-parent\" data-id=\"6e63cd1\" data-element_type=\"container\">\n\t\t\t\t\t<div class=\"e-con-inner\">\n\t\t\t\t\t<\/div>\n\t\t\t\t<\/div>\n\t\t\t\t<\/div>","protected":false},"excerpt":{"rendered":"<p>CONTACTA \u00bfEN QU\u00c9 TE PODEMOS AYUDAR? PREPARADOS PARA AYUDARTE Puedes contactar con nosotros a trav\u00e9s de tel\u00e9fono, emails o en nuestras oficinas. Tambi\u00e9n puedes escribirnos en el formulario de contacto. Contar\u00e1s con un equipo de profesionales\u00a0 preparados para asesorarte. CONS\u00daLTANOS, TE ASESORAREMOS (+34) 644 75 26 17 info@fritts.es Pol. Ind. Romica, Calle 2, Parcela 144, [&hellip;]<\/p>","protected":false},"author":1,"featured_media":0,"parent":0,"menu_order":0,"comment_status":"closed","ping_status":"closed","template":"","meta":{"footnotes":""},"class_list":["post-60","page","type-page","status-publish","hentry"],"yoast_head":"<!-- This site is optimized with the Yoast SEO plugin v25.7 - https:\/\/yoast.com\/wordpress\/plugins\/seo\/ -->\n<title>Contacto - Fritts<\/title>\n<meta name=\"description\" content=\"Contacta con Fritts para asesoramiento en energ\u00eda solar. Ll\u00e1manos, env\u00edanos un correo o completa nuestro formulario.\" \/>\n<meta name=\"robots\" content=\"index, follow, max-snippet:-1, max-image-preview:large, max-video-preview:-1\" \/>\n<link rel=\"canonical\" href=\"https:\/\/fritts.es\/en\/contacto\/\" \/>\n<meta property=\"og:locale\" content=\"en_GB\" \/>\n<meta property=\"og:type\" content=\"article\" \/>\n<meta property=\"og:title\" content=\"Contacto - Fritts\" \/>\n<meta property=\"og:description\" content=\"Contacta con Fritts para asesoramiento en energ\u00eda solar. Ll\u00e1manos, env\u00edanos un correo o completa nuestro formulario.\" \/>\n<meta property=\"og:url\" content=\"https:\/\/fritts.es\/en\/contacto\/\" \/>\n<meta property=\"og:site_name\" content=\"Fritts\" \/>\n<meta property=\"article:modified_time\" content=\"2025-03-18T09:55:58+00:00\" \/>\n<meta name=\"twitter:card\" content=\"summary_large_image\" \/>\n<meta name=\"twitter:label1\" content=\"Estimated reading time\" \/>\n\t<meta name=\"twitter:data1\" content=\"1 minute\" \/>\n<script type=\"application\/ld+json\" class=\"yoast-schema-graph\">{\"@context\":\"https:\/\/schema.org\",\"@graph\":[{\"@type\":\"WebPage\",\"@id\":\"https:\/\/fritts.es\/contacto\/\",\"url\":\"https:\/\/fritts.es\/contacto\/\",\"name\":\"Contacto - Fritts\",\"isPartOf\":{\"@id\":\"https:\/\/fritts.es\/#website\"},\"datePublished\":\"2023-02-23T10:39:26+00:00\",\"dateModified\":\"2025-03-18T09:55:58+00:00\",\"description\":\"Contacta con Fritts para asesoramiento en energ\u00eda solar. Ll\u00e1manos, env\u00edanos un correo o completa nuestro formulario.\",\"breadcrumb\":{\"@id\":\"https:\/\/fritts.es\/contacto\/#breadcrumb\"},\"inLanguage\":\"en-GB\",\"potentialAction\":[{\"@type\":\"ReadAction\",\"target\":[\"https:\/\/fritts.es\/contacto\/\"]}]},{\"@type\":\"BreadcrumbList\",\"@id\":\"https:\/\/fritts.es\/contacto\/#breadcrumb\",\"itemListElement\":[{\"@type\":\"ListItem\",\"position\":1,\"name\":\"Portada\",\"item\":\"https:\/\/fritts.es\/\"},{\"@type\":\"ListItem\",\"position\":2,\"name\":\"Contacto\"}]},{\"@type\":\"WebSite\",\"@id\":\"https:\/\/fritts.es\/#website\",\"url\":\"https:\/\/fritts.es\/\",\"name\":\"Fritts\",\"description\":\"Instalaci\u00f3n industrial de placas solares\",\"publisher\":{\"@id\":\"https:\/\/fritts.es\/#organization\"},\"potentialAction\":[{\"@type\":\"SearchAction\",\"target\":{\"@type\":\"EntryPoint\",\"urlTemplate\":\"https:\/\/fritts.es\/?s={search_term_string}\"},\"query-input\":{\"@type\":\"PropertyValueSpecification\",\"valueRequired\":true,\"valueName\":\"search_term_string\"}}],\"inLanguage\":\"en-GB\"},{\"@type\":\"Organization\",\"@id\":\"https:\/\/fritts.es\/#organization\",\"name\":\"Fritts\",\"url\":\"https:\/\/fritts.es\/\",\"logo\":{\"@type\":\"ImageObject\",\"inLanguage\":\"en-GB\",\"@id\":\"https:\/\/fritts.es\/#\/schema\/logo\/image\/\",\"url\":\"https:\/\/fritts.es\/wp-content\/uploads\/2023\/12\/Capa-2.png\",\"contentUrl\":\"https:\/\/fritts.es\/wp-content\/uploads\/2023\/12\/Capa-2.png\",\"width\":974,\"height\":380,\"caption\":\"Fritts\"},\"image\":{\"@id\":\"https:\/\/fritts.es\/#\/schema\/logo\/image\/\"},\"sameAs\":[\"https:\/\/es.linkedin.com\/company\/frittsingenieria\"]}]}<\/script>\n<!-- \/ Yoast SEO plugin. -->","yoast_head_json":{"title":"Contacto - Fritts","description":"Contacta con Fritts para asesoramiento en energ\u00eda solar. Ll\u00e1manos, env\u00edanos un correo o completa nuestro formulario.","robots":{"index":"index","follow":"follow","max-snippet":"max-snippet:-1","max-image-preview":"max-image-preview:large","max-video-preview":"max-video-preview:-1"},"canonical":"https:\/\/fritts.es\/en\/contacto\/","og_locale":"en_GB","og_type":"article","og_title":"Contacto - Fritts","og_description":"Contacta con Fritts para asesoramiento en energ\u00eda solar. Ll\u00e1manos, env\u00edanos un correo o completa nuestro formulario.","og_url":"https:\/\/fritts.es\/en\/contacto\/","og_site_name":"Fritts","article_modified_time":"2025-03-18T09:55:58+00:00","twitter_card":"summary_large_image","twitter_misc":{"Estimated reading time":"1 minute"},"schema":{"@context":"https:\/\/schema.org","@graph":[{"@type":"WebPage","@id":"https:\/\/fritts.es\/contacto\/","url":"https:\/\/fritts.es\/contacto\/","name":"Contacto - Fritts","isPartOf":{"@id":"https:\/\/fritts.es\/#website"},"datePublished":"2023-02-23T10:39:26+00:00","dateModified":"2025-03-18T09:55:58+00:00","description":"Contacta con Fritts para asesoramiento en energ\u00eda solar. Ll\u00e1manos, env\u00edanos un correo o completa nuestro formulario.","breadcrumb":{"@id":"https:\/\/fritts.es\/contacto\/#breadcrumb"},"inLanguage":"en-GB","potentialAction":[{"@type":"ReadAction","target":["https:\/\/fritts.es\/contacto\/"]}]},{"@type":"BreadcrumbList","@id":"https:\/\/fritts.es\/contacto\/#breadcrumb","itemListElement":[{"@type":"ListItem","position":1,"name":"Portada","item":"https:\/\/fritts.es\/"},{"@type":"ListItem","position":2,"name":"Contacto"}]},{"@type":"WebSite","@id":"https:\/\/fritts.es\/#website","url":"https:\/\/fritts.es\/","name":"Fritts","description":"Instalaci\u00f3n industrial de placas solares","publisher":{"@id":"https:\/\/fritts.es\/#organization"},"potentialAction":[{"@type":"SearchAction","target":{"@type":"EntryPoint","urlTemplate":"https:\/\/fritts.es\/?s={search_term_string}"},"query-input":{"@type":"PropertyValueSpecification","valueRequired":true,"valueName":"search_term_string"}}],"inLanguage":"en-GB"},{"@type":"Organization","@id":"https:\/\/fritts.es\/#organization","name":"Fritts","url":"https:\/\/fritts.es\/","logo":{"@type":"ImageObject","inLanguage":"en-GB","@id":"https:\/\/fritts.es\/#\/schema\/logo\/image\/","url":"https:\/\/fritts.es\/wp-content\/uploads\/2023\/12\/Capa-2.png","contentUrl":"https:\/\/fritts.es\/wp-content\/uploads\/2023\/12\/Capa-2.png","width":974,"height":380,"caption":"Fritts"},"image":{"@id":"https:\/\/fritts.es\/#\/schema\/logo\/image\/"},"sameAs":["https:\/\/es.linkedin.com\/company\/frittsingenieria"]}]}},"_links":{"self":[{"href":"https:\/\/fritts.es\/en\/wp-json\/wp\/v2\/pages\/60","targetHints":{"allow":["GET"]}}],"collection":[{"href":"https:\/\/fritts.es\/en\/wp-json\/wp\/v2\/pages"}],"about":[{"href":"https:\/\/fritts.es\/en\/wp-json\/wp\/v2\/types\/page"}],"author":[{"embeddable":true,"href":"https:\/\/fritts.es\/en\/wp-json\/wp\/v2\/users\/1"}],"replies":[{"embeddable":true,"href":"https:\/\/fritts.es\/en\/wp-json\/wp\/v2\/comments?post=60"}],"version-history":[{"count":0,"href":"https:\/\/fritts.es\/en\/wp-json\/wp\/v2\/pages\/60\/revisions"}],"wp:attachment":[{"href":"https:\/\/fritts.es\/en\/wp-json\/wp\/v2\/media?parent=60"}],"curies":[{"name":"wp","href":"https:\/\/api.w.org\/{rel}","templated":true}]}}