{"id":64,"date":"2023-02-23T10:40:12","date_gmt":"2023-02-23T10:40:12","guid":{"rendered":"https:\/\/fritts.es\/?page_id=64"},"modified":"2025-03-18T09:12:56","modified_gmt":"2025-03-18T09:12:56","slug":"estudio-gratis","status":"publish","type":"page","link":"https:\/\/fritts.es\/en\/estudio-gratis\/","title":{"rendered":"Estudio gratis"},"content":{"rendered":"<div data-elementor-type=\"wp-page\" data-elementor-id=\"64\" class=\"elementor elementor-64\" data-elementor-post-type=\"page\">\n\t\t\t\t<div class=\"elementor-element elementor-element-7ab8d42 e-con-full e-flex e-con e-parent\" data-id=\"7ab8d42\" data-element_type=\"container\" data-settings=\"{&quot;background_background&quot;:&quot;classic&quot;}\">\n\t\t<div class=\"elementor-element elementor-element-b59c759 e-con-full e-flex e-con e-child\" data-id=\"b59c759\" data-element_type=\"container\">\n\t\t\t\t<div class=\"elementor-element elementor-element-fbbc126 elementor-widget elementor-widget-heading\" data-id=\"fbbc126\" data-element_type=\"widget\" data-widget_type=\"heading.default\">\n\t\t\t\t<div class=\"elementor-widget-container\">\n\t\t\t\t\t<h1 class=\"elementor-heading-title elementor-size-default\">ESTUDIO<\/h1>\t\t\t\t<\/div>\n\t\t\t\t<\/div>\n\t\t\t\t<div class=\"elementor-element elementor-element-35b31af elementor-widget-divider--view-line elementor-widget elementor-widget-divider\" data-id=\"35b31af\" data-element_type=\"widget\" data-widget_type=\"divider.default\">\n\t\t\t\t<div class=\"elementor-widget-container\">\n\t\t\t\t\t\t\t<div class=\"elementor-divider\">\n\t\t\t<span class=\"elementor-divider-separator\">\n\t\t\t\t\t\t<\/span>\n\t\t<\/div>\n\t\t\t\t\t\t<\/div>\n\t\t\t\t<\/div>\n\t\t\t\t<div class=\"elementor-element elementor-element-10cee7b elementor-widget elementor-widget-text-editor\" data-id=\"10cee7b\" data-element_type=\"widget\" data-widget_type=\"text-editor.default\">\n\t\t\t\t<div class=\"elementor-widget-container\">\n\t\t\t\t\t\t\t\t\t<p>TE AYUDAMOS A REDUCIR EL COSTE ENERG\u00c9TICO<\/p>\t\t\t\t\t\t\t\t<\/div>\n\t\t\t\t<\/div>\n\t\t\t\t<\/div>\n\t\t\t\t<\/div>\n\t\t<div class=\"elementor-element elementor-element-fb5f9f2 e-flex e-con-boxed e-con e-parent\" data-id=\"fb5f9f2\" data-element_type=\"container\" data-settings=\"{&quot;background_background&quot;:&quot;classic&quot;}\">\n\t\t\t\t\t<div class=\"e-con-inner\">\n\t\t<div class=\"elementor-element elementor-element-d50d531 e-con-full e-flex e-con e-child\" data-id=\"d50d531\" data-element_type=\"container\">\n\t\t\t\t<div class=\"elementor-element elementor-element-23f8121 elementor-widget elementor-widget-heading\" data-id=\"23f8121\" data-element_type=\"widget\" data-widget_type=\"heading.default\">\n\t\t\t\t<div class=\"elementor-widget-container\">\n\t\t\t\t\t<h4 class=\"elementor-heading-title elementor-size-default\">AHORRO ENERG\u00c9TICO<\/h4>\t\t\t\t<\/div>\n\t\t\t\t<\/div>\n\t\t\t\t<div class=\"elementor-element elementor-element-89508af elementor-widget elementor-widget-heading\" data-id=\"89508af\" data-element_type=\"widget\" data-widget_type=\"heading.default\">\n\t\t\t\t<div class=\"elementor-widget-container\">\n\t\t\t\t\t<h2 class=\"elementor-heading-title elementor-size-default\">M\u00c1NDANOS TU FACTURA DE LUZ<\/h2>\t\t\t\t<\/div>\n\t\t\t\t<\/div>\n\t\t\t\t<div class=\"elementor-element elementor-element-547101f elementor-widget-divider--view-line elementor-widget elementor-widget-divider\" data-id=\"547101f\" data-element_type=\"widget\" data-widget_type=\"divider.default\">\n\t\t\t\t<div class=\"elementor-widget-container\">\n\t\t\t\t\t\t\t<div class=\"elementor-divider\">\n\t\t\t<span class=\"elementor-divider-separator\">\n\t\t\t\t\t\t<\/span>\n\t\t<\/div>\n\t\t\t\t\t\t<\/div>\n\t\t\t\t<\/div>\n\t\t\t\t<div class=\"elementor-element elementor-element-97f0d89 elementor-widget elementor-widget-text-editor\" data-id=\"97f0d89\" data-element_type=\"widget\" data-widget_type=\"text-editor.default\">\n\t\t\t\t<div class=\"elementor-widget-container\">\n\t\t\t\t\t\t\t\t\t<p class=\"texto1\">Si estas buscando como ahorrar en la factura de la luz, en Fritts tenemos la soluci\u00f3n. Reducimos tu tarifa el\u00e9ctrica y te ayudamos a mejorar la eficiencia energ\u00e9tica de tu vivienda, local, edificio de empresa\u2026<\/p><p class=\"texto1\">Rellena el siguiente formulario adjuntando una factura. Te enviaremos un estudio a medida y asesoramiento con el que podr\u00e1s\u00a0llegar a\u00a0<strong><b>pagar hasta un 30<\/b><\/strong><strong><b>\u00a0<\/b><\/strong><strong><b>% menos<\/b><\/strong>\u00a0en tu factura (industrial) <strong>y hasta un 70% en residencial.<\/strong> Adem\u00e1s te ayudaremos a mejorar la eficiencia energ\u00e9tica\u00a0de tu vivienda, negocio o empresa efectuando sin coste y compromiso un estudio detallado.<\/p><p>Puedes enviarnos tu factura por tel\u00e9fono (WhatsApp), E-mail o a trav\u00e9s del formularo de esta p\u00e1gina.<\/p>\t\t\t\t\t\t\t\t<\/div>\n\t\t\t\t<\/div>\n\t\t<div class=\"elementor-element elementor-element-14e4f1a e-con-full e-flex e-con e-child\" data-id=\"14e4f1a\" data-element_type=\"container\">\n\t\t<div class=\"elementor-element elementor-element-57dc6fa e-con-full e-flex e-con e-child\" data-id=\"57dc6fa\" data-element_type=\"container\">\n\t\t\t\t<div class=\"elementor-element elementor-element-28ceb4f elementor-position-left elementor-view-default elementor-mobile-position-top elementor-widget elementor-widget-icon-box\" data-id=\"28ceb4f\" data-element_type=\"widget\" data-widget_type=\"icon-box.default\">\n\t\t\t\t<div class=\"elementor-widget-container\">\n\t\t\t\t\t\t\t<div class=\"elementor-icon-box-wrapper\">\n\n\t\t\t\t\t\t<div class=\"elementor-icon-box-icon\">\n\t\t\t\t<span  class=\"elementor-icon\">\n\t\t\t\t<svg aria-hidden=\"true\" class=\"e-font-icon-svg e-fas-mobile-alt\" viewbox=\"0 0 320 512\" xmlns=\"http:\/\/www.w3.org\/2000\/svg\"><path d=\"M272 0H48C21.5 0 0 21.5 0 48v416c0 26.5 21.5 48 48 48h224c26.5 0 48-21.5 48-48V48c0-26.5-21.5-48-48-48zM160 480c-17.7 0-32-14.3-32-32s14.3-32 32-32 32 14.3 32 32-14.3 32-32 32zm112-108c0 6.6-5.4 12-12 12H60c-6.6 0-12-5.4-12-12V60c0-6.6 5.4-12 12-12h200c6.6 0 12 5.4 12 12v312z\"><\/path><\/svg>\t\t\t\t<\/span>\n\t\t\t<\/div>\n\t\t\t\n\t\t\t\t\t\t<div class=\"elementor-icon-box-content\">\n\n\t\t\t\t\t\t\t\t\t<h3 class=\"elementor-icon-box-title\">\n\t\t\t\t\t\t<span  >\n\t\t\t\t\t\t\t(+34) 695 30 01 66\t\t\t\t\t\t<\/span>\n\t\t\t\t\t<\/h3>\n\t\t\t\t\n\t\t\t\t\n\t\t\t<\/div>\n\t\t\t\n\t\t<\/div>\n\t\t\t\t\t\t<\/div>\n\t\t\t\t<\/div>\n\t\t\t\t<\/div>\n\t\t<div class=\"elementor-element elementor-element-bf97dff e-con-full e-flex e-con e-child\" data-id=\"bf97dff\" data-element_type=\"container\">\n\t\t\t\t<div class=\"elementor-element elementor-element-50dcc79 elementor-position-left elementor-view-default elementor-mobile-position-top elementor-widget elementor-widget-icon-box\" data-id=\"50dcc79\" data-element_type=\"widget\" data-widget_type=\"icon-box.default\">\n\t\t\t\t<div class=\"elementor-widget-container\">\n\t\t\t\t\t\t\t<div class=\"elementor-icon-box-wrapper\">\n\n\t\t\t\t\t\t<div class=\"elementor-icon-box-icon\">\n\t\t\t\t<span  class=\"elementor-icon\">\n\t\t\t\t<svg aria-hidden=\"true\" class=\"e-font-icon-svg e-far-envelope\" viewbox=\"0 0 512 512\" xmlns=\"http:\/\/www.w3.org\/2000\/svg\"><path d=\"M464 64H48C21.49 64 0 85.49 0 112v288c0 26.51 21.49 48 48 48h416c26.51 0 48-21.49 48-48V112c0-26.51-21.49-48-48-48zm0 48v40.805c-22.422 18.259-58.168 46.651-134.587 106.49-16.841 13.247-50.201 45.072-73.413 44.701-23.208.375-56.579-31.459-73.413-44.701C106.18 199.465 70.425 171.067 48 152.805V112h416zM48 400V214.398c22.914 18.251 55.409 43.862 104.938 82.646 21.857 17.205 60.134 55.186 103.062 54.955 42.717.231 80.509-37.199 103.053-54.947 49.528-38.783 82.032-64.401 104.947-82.653V400H48z\"><\/path><\/svg>\t\t\t\t<\/span>\n\t\t\t<\/div>\n\t\t\t\n\t\t\t\t\t\t<div class=\"elementor-icon-box-content\">\n\n\t\t\t\t\t\t\t\t\t<h3 class=\"elementor-icon-box-title\">\n\t\t\t\t\t\t<span  >\n\t\t\t\t\t\t\tadministracion@fritts.es\t\t\t\t\t\t<\/span>\n\t\t\t\t\t<\/h3>\n\t\t\t\t\n\t\t\t\t\n\t\t\t<\/div>\n\t\t\t\n\t\t<\/div>\n\t\t\t\t\t\t<\/div>\n\t\t\t\t<\/div>\n\t\t\t\t<\/div>\n\t\t\t\t<\/div>\n\t\t\t\t<\/div>\n\t\t<div class=\"elementor-element elementor-element-2112169 e-con-full e-flex e-con e-child\" data-id=\"2112169\" data-element_type=\"container\" data-settings=\"{&quot;background_background&quot;:&quot;classic&quot;}\">\n\t\t\t\t<div class=\"elementor-element elementor-element-a4823dc elementor-position-left elementor-view-default elementor-mobile-position-top elementor-widget elementor-widget-icon-box\" data-id=\"a4823dc\" data-element_type=\"widget\" data-widget_type=\"icon-box.default\">\n\t\t\t\t<div class=\"elementor-widget-container\">\n\t\t\t\t\t\t\t<div class=\"elementor-icon-box-wrapper\">\n\n\t\t\t\t\t\t<div class=\"elementor-icon-box-icon\">\n\t\t\t\t<span  class=\"elementor-icon\">\n\t\t\t\t<svg aria-hidden=\"true\" class=\"e-font-icon-svg e-far-lightbulb\" viewbox=\"0 0 352 512\" xmlns=\"http:\/\/www.w3.org\/2000\/svg\"><path d=\"M176 80c-52.94 0-96 43.06-96 96 0 8.84 7.16 16 16 16s16-7.16 16-16c0-35.3 28.72-64 64-64 8.84 0 16-7.16 16-16s-7.16-16-16-16zM96.06 459.17c0 3.15.93 6.22 2.68 8.84l24.51 36.84c2.97 4.46 7.97 7.14 13.32 7.14h78.85c5.36 0 10.36-2.68 13.32-7.14l24.51-36.84c1.74-2.62 2.67-5.7 2.68-8.84l.05-43.18H96.02l.04 43.18zM176 0C73.72 0 0 82.97 0 176c0 44.37 16.45 84.85 43.56 115.78 16.64 18.99 42.74 58.8 52.42 92.16v.06h48v-.12c-.01-4.77-.72-9.51-2.15-14.07-5.59-17.81-22.82-64.77-62.17-109.67-20.54-23.43-31.52-53.15-31.61-84.14-.2-73.64 59.67-128 127.95-128 70.58 0 128 57.42 128 128 0 30.97-11.24 60.85-31.65 84.14-39.11 44.61-56.42 91.47-62.1 109.46a47.507 47.507 0 0 0-2.22 14.3v.1h48v-.05c9.68-33.37 35.78-73.18 52.42-92.16C335.55 260.85 352 220.37 352 176 352 78.8 273.2 0 176 0z\"><\/path><\/svg>\t\t\t\t<\/span>\n\t\t\t<\/div>\n\t\t\t\n\t\t\t\t\t\t<div class=\"elementor-icon-box-content\">\n\n\t\t\t\t\t\t\t\t\t<h3 class=\"elementor-icon-box-title\">\n\t\t\t\t\t\t<span  >\n\t\t\t\t\t\t\tSube tu factura de energ\u00eda a trav\u00e9s del siguiente formulario. Tambi\u00e9n puedes hacer una foto desde tu dispositivo. El tama\u00f1o m\u00e1ximo es de 20 MB.\t\t\t\t\t\t<\/span>\n\t\t\t\t\t<\/h3>\n\t\t\t\t\n\t\t\t\t\n\t\t\t<\/div>\n\t\t\t\n\t\t<\/div>\n\t\t\t\t\t\t<\/div>\n\t\t\t\t<\/div>\n\t\t\t\t<div class=\"elementor-element elementor-element-17e29ff elementor-button-align-stretch elementor-widget elementor-widget-form\" data-id=\"17e29ff\" data-element_type=\"widget\" data-settings=\"{&quot;step_next_label&quot;:&quot;Siguiente&quot;,&quot;step_previous_label&quot;:&quot;Anterior&quot;,&quot;button_width&quot;:&quot;100&quot;,&quot;step_type&quot;:&quot;number_text&quot;,&quot;step_icon_shape&quot;:&quot;circle&quot;}\" data-widget_type=\"form.default\">\n\t\t\t\t<div class=\"elementor-widget-container\">\n\t\t\t\t\t\t\t<form class=\"elementor-form\" method=\"post\" name=\"Nuevo formulario\" aria-label=\"Nuevo formulario\" action=\"\">\n\t\t\t<input type=\"hidden\" name=\"post_id\" value=\"64\"\/>\n\t\t\t<input type=\"hidden\" name=\"form_id\" value=\"17e29ff\"\/>\n\t\t\t<input type=\"hidden\" name=\"referer_title\" value=\"Estudio gratis - Fritts\" \/>\n\n\t\t\t\t\t\t\t<input type=\"hidden\" name=\"queried_id\" value=\"64\"\/>\n\t\t\t\n\t\t\t<div class=\"elementor-form-fields-wrapper elementor-labels-\">\n\t\t\t\t\t\t\t\t<div class=\"elementor-field-type-text elementor-field-group elementor-column elementor-field-group-name elementor-col-100 elementor-field-required\">\n\t\t\t\t\t\t\t\t\t\t\t\t<label for=\"form-field-name\" class=\"elementor-field-label elementor-screen-only\">\n\t\t\t\t\t\t\t\tName\t\t\t\t\t\t\t<\/label>\n\t\t\t\t\t\t\t\t\t\t\t\t\t\t<input size=\"1\" type=\"text\" name=\"form_fields[name]\" id=\"form-field-name\" class=\"elementor-field elementor-size-sm  elementor-field-textual\" placeholder=\"Name\" required=\"required\">\n\t\t\t\t\t\t\t\t\t\t\t<\/div>\n\t\t\t\t\t\t\t\t<div class=\"elementor-field-type-email elementor-field-group elementor-column elementor-field-group-email elementor-col-100 elementor-field-required\">\n\t\t\t\t\t\t\t\t\t\t\t\t<label for=\"form-field-email\" class=\"elementor-field-label elementor-screen-only\">\n\t\t\t\t\t\t\t\tEmail\t\t\t\t\t\t\t<\/label>\n\t\t\t\t\t\t\t\t\t\t\t\t\t\t<input size=\"1\" type=\"email\" name=\"form_fields[email]\" id=\"form-field-email\" class=\"elementor-field elementor-size-sm  elementor-field-textual\" placeholder=\"Email\" required=\"required\">\n\t\t\t\t\t\t\t\t\t\t\t<\/div>\n\t\t\t\t\t\t\t\t<div class=\"elementor-field-type-upload elementor-field-group elementor-column elementor-field-group-field_68467cf elementor-col-100 elementor-field-required\">\n\t\t\t\t\t\t\t\t\t\t\t\t<label for=\"form-field-field_68467cf\" class=\"elementor-field-label elementor-screen-only\">\n\t\t\t\t\t\t\t\tArchivo\t\t\t\t\t\t\t<\/label>\n\t\t\t\t\t\t\t\t<input type=\"file\" name=\"form_fields[field_68467cf]\" id=\"form-field-field_68467cf\" class=\"elementor-field elementor-size-sm  elementor-upload-field\" required=\"required\" data-maxsize=\"20\" data-maxsize-message=\"This file exceeds the maximum allowed size.\" data-no-translation-data-maxsize-message=\"\">\n\n\t\t\t\t\t\t<\/div>\n\t\t\t\t\t\t\t\t<div class=\"elementor-field-type-textarea elementor-field-group elementor-column elementor-field-group-message elementor-col-100\">\n\t\t\t\t\t\t\t\t\t\t\t\t<label for=\"form-field-message\" class=\"elementor-field-label elementor-screen-only\">\n\t\t\t\t\t\t\t\tMessage\t\t\t\t\t\t\t<\/label>\n\t\t\t\t\t\t<textarea class=\"elementor-field-textual elementor-field  elementor-size-sm\" name=\"form_fields[message]\" id=\"form-field-message\" rows=\"4\" placeholder=\"Message\"><\/textarea>\t\t\t\t<\/div>\n\t\t\t\t\t\t\t\t<div class=\"elementor-field-type-acceptance elementor-field-group elementor-column elementor-field-group-field_a2abede elementor-col-100 elementor-field-required\">\n\t\t\t\t\t\t\t<div class=\"elementor-field-subgroup\">\n\t\t\t<span class=\"elementor-field-option\">\n\t\t\t\t<input type=\"checkbox\" name=\"form_fields[field_a2abede]\" id=\"form-field-field_a2abede\" class=\"elementor-field elementor-size-sm  elementor-acceptance-field\" required=\"required\">\n\t\t\t\t<label for=\"form-field-field_a2abede\">I have read and accept the <a href=\"\/en\/politica-de-privacidad\/\">Privacy Policy<\/a> <\/label>\t\t\t<\/span>\n\t\t<\/div>\n\t\t\t\t\t\t<\/div>\n\t\t\t\t\t\t\t\t<div class=\"elementor-field-type-html elementor-field-group elementor-column elementor-field-group-field_229366d elementor-col-100\">\n\t\t\t\t\tResponsible: DBP Energ\u00e9tica 2020 S.L<br>\nNIF: B-54890025<br>\nPostal address: Calle Juan Calpena, 18. 03680-Aspe (Alicante)<br>\nCorreo electr\u00f3nico: info@fritts.es<br>\nOn behalf of the company, we treat the information you provide us with in order to provide the requested service, bill it. The data provided will be kept as long as the commercial relationship is maintained or during the years necessary to comply with legal obligations. The data is not transferred to third parties except in cases where there is a legal obligation. You have the right to obtain confirmation as to whether DBP Energ\u00e9tica 2020 S.L. we are treating your personal data therefore you have the right to access your personal data, rectify inaccurate data or request its deletion when the data is no longer necessary.\t\t\t\t<\/div>\n\t\t\t\t\t\t\t\t<div class=\"elementor-field-type-recaptcha_v3 elementor-field-group elementor-column elementor-field-group-field_4f6e9fa elementor-col-100 recaptcha_v3-inline\">\n\t\t\t\t\t<div class=\"elementor-field\" id=\"form-field-field_4f6e9fa\"><div class=\"elementor-g-recaptcha\" data-sitekey=\"6LeyUrEkAAAAADcz0xOw25LiaHnJY8HknviEUZQ_\" data-type=\"v3\" data-action=\"Form\" data-badge=\"inline\" data-size=\"invisible\"><\/div><\/div>\t\t\t\t<\/div>\n\t\t\t\t\t\t\t\t<div class=\"elementor-field-group elementor-column elementor-field-type-submit elementor-col-100 e-form__buttons\">\n\t\t\t\t\t<button class=\"elementor-button elementor-size-sm\" type=\"submit\">\n\t\t\t\t\t\t<span class=\"elementor-button-content-wrapper\">\n\t\t\t\t\t\t\t\t\t\t\t\t\t\t\t\t\t\t\t\t\t\t<span class=\"elementor-button-text\">Send<\/span>\n\t\t\t\t\t\t\t\t\t\t\t\t\t<\/span>\n\t\t\t\t\t<\/button>\n\t\t\t\t<\/div>\n\t\t\t<\/div>\n\t\t<input type=\"hidden\" name=\"trp-form-language\" value=\"en\"\/><\/form>\n\t\t\t\t\t\t<\/div>\n\t\t\t\t<\/div>\n\t\t\t\t<\/div>\n\t\t\t\t\t<\/div>\n\t\t\t\t<\/div>\n\t\t\t\t<\/div>","protected":false},"excerpt":{"rendered":"<p>ESTUDIO TE AYUDAMOS A REDUCIR EL COSTE ENERG\u00c9TICO AHORRO ENERG\u00c9TICO M\u00c1NDANOS TU FACTURA DE LUZ Si estas buscando como ahorrar en la factura de la luz, en Fritts tenemos la soluci\u00f3n. Reducimos tu tarifa el\u00e9ctrica y te ayudamos a mejorar la eficiencia energ\u00e9tica de tu vivienda, local, edificio de empresa\u2026 Rellena el siguiente formulario adjuntando [&hellip;]<\/p>","protected":false},"author":1,"featured_media":0,"parent":0,"menu_order":0,"comment_status":"closed","ping_status":"closed","template":"","meta":{"footnotes":""},"class_list":["post-64","page","type-page","status-publish","hentry"],"yoast_head":"<!-- This site is optimized with the Yoast SEO plugin v25.7 - https:\/\/yoast.com\/wordpress\/plugins\/seo\/ -->\n<title>Estudio gratis - Fritts<\/title>\n<meta name=\"description\" content=\"Analizamos tu consumo y te ofrecemos la mejor soluci\u00f3n en energ\u00eda fotovoltaica para ahorrar en tu factura de luz.\" \/>\n<meta name=\"robots\" content=\"index, follow, max-snippet:-1, max-image-preview:large, max-video-preview:-1\" \/>\n<link rel=\"canonical\" href=\"https:\/\/fritts.es\/en\/estudio-gratis\/\" \/>\n<meta property=\"og:locale\" content=\"en_GB\" \/>\n<meta property=\"og:type\" content=\"article\" \/>\n<meta property=\"og:title\" content=\"Estudio gratis - Fritts\" \/>\n<meta property=\"og:description\" content=\"Analizamos tu consumo y te ofrecemos la mejor soluci\u00f3n en energ\u00eda fotovoltaica para ahorrar en tu factura de luz.\" \/>\n<meta property=\"og:url\" content=\"https:\/\/fritts.es\/en\/estudio-gratis\/\" \/>\n<meta property=\"og:site_name\" content=\"Fritts\" \/>\n<meta property=\"article:modified_time\" content=\"2025-03-18T09:12:56+00:00\" \/>\n<meta name=\"twitter:card\" content=\"summary_large_image\" \/>\n<meta name=\"twitter:label1\" content=\"Estimated reading time\" \/>\n\t<meta name=\"twitter:data1\" content=\"1 minute\" \/>\n<script type=\"application\/ld+json\" class=\"yoast-schema-graph\">{\"@context\":\"https:\/\/schema.org\",\"@graph\":[{\"@type\":\"WebPage\",\"@id\":\"https:\/\/fritts.es\/estudio-gratis\/\",\"url\":\"https:\/\/fritts.es\/estudio-gratis\/\",\"name\":\"Estudio gratis - Fritts\",\"isPartOf\":{\"@id\":\"https:\/\/fritts.es\/#website\"},\"datePublished\":\"2023-02-23T10:40:12+00:00\",\"dateModified\":\"2025-03-18T09:12:56+00:00\",\"description\":\"Analizamos tu consumo y te ofrecemos la mejor soluci\u00f3n en energ\u00eda fotovoltaica para ahorrar en tu factura de luz.\",\"breadcrumb\":{\"@id\":\"https:\/\/fritts.es\/estudio-gratis\/#breadcrumb\"},\"inLanguage\":\"en-GB\",\"potentialAction\":[{\"@type\":\"ReadAction\",\"target\":[\"https:\/\/fritts.es\/estudio-gratis\/\"]}]},{\"@type\":\"BreadcrumbList\",\"@id\":\"https:\/\/fritts.es\/estudio-gratis\/#breadcrumb\",\"itemListElement\":[{\"@type\":\"ListItem\",\"position\":1,\"name\":\"Portada\",\"item\":\"https:\/\/fritts.es\/\"},{\"@type\":\"ListItem\",\"position\":2,\"name\":\"Estudio gratis\"}]},{\"@type\":\"WebSite\",\"@id\":\"https:\/\/fritts.es\/#website\",\"url\":\"https:\/\/fritts.es\/\",\"name\":\"Fritts\",\"description\":\"Instalaci\u00f3n industrial de placas solares\",\"publisher\":{\"@id\":\"https:\/\/fritts.es\/#organization\"},\"potentialAction\":[{\"@type\":\"SearchAction\",\"target\":{\"@type\":\"EntryPoint\",\"urlTemplate\":\"https:\/\/fritts.es\/?s={search_term_string}\"},\"query-input\":{\"@type\":\"PropertyValueSpecification\",\"valueRequired\":true,\"valueName\":\"search_term_string\"}}],\"inLanguage\":\"en-GB\"},{\"@type\":\"Organization\",\"@id\":\"https:\/\/fritts.es\/#organization\",\"name\":\"Fritts\",\"url\":\"https:\/\/fritts.es\/\",\"logo\":{\"@type\":\"ImageObject\",\"inLanguage\":\"en-GB\",\"@id\":\"https:\/\/fritts.es\/#\/schema\/logo\/image\/\",\"url\":\"https:\/\/fritts.es\/wp-content\/uploads\/2023\/12\/Capa-2.png\",\"contentUrl\":\"https:\/\/fritts.es\/wp-content\/uploads\/2023\/12\/Capa-2.png\",\"width\":974,\"height\":380,\"caption\":\"Fritts\"},\"image\":{\"@id\":\"https:\/\/fritts.es\/#\/schema\/logo\/image\/\"},\"sameAs\":[\"https:\/\/es.linkedin.com\/company\/frittsingenieria\"]}]}<\/script>\n<!-- \/ Yoast SEO plugin. -->","yoast_head_json":{"title":"Estudio gratis - Fritts","description":"Analizamos tu consumo y te ofrecemos la mejor soluci\u00f3n en energ\u00eda fotovoltaica para ahorrar en tu factura de luz.","robots":{"index":"index","follow":"follow","max-snippet":"max-snippet:-1","max-image-preview":"max-image-preview:large","max-video-preview":"max-video-preview:-1"},"canonical":"https:\/\/fritts.es\/en\/estudio-gratis\/","og_locale":"en_GB","og_type":"article","og_title":"Estudio gratis - Fritts","og_description":"Analizamos tu consumo y te ofrecemos la mejor soluci\u00f3n en energ\u00eda fotovoltaica para ahorrar en tu factura de luz.","og_url":"https:\/\/fritts.es\/en\/estudio-gratis\/","og_site_name":"Fritts","article_modified_time":"2025-03-18T09:12:56+00:00","twitter_card":"summary_large_image","twitter_misc":{"Estimated reading time":"1 minute"},"schema":{"@context":"https:\/\/schema.org","@graph":[{"@type":"WebPage","@id":"https:\/\/fritts.es\/estudio-gratis\/","url":"https:\/\/fritts.es\/estudio-gratis\/","name":"Estudio gratis - Fritts","isPartOf":{"@id":"https:\/\/fritts.es\/#website"},"datePublished":"2023-02-23T10:40:12+00:00","dateModified":"2025-03-18T09:12:56+00:00","description":"Analizamos tu consumo y te ofrecemos la mejor soluci\u00f3n en energ\u00eda fotovoltaica para ahorrar en tu factura de luz.","breadcrumb":{"@id":"https:\/\/fritts.es\/estudio-gratis\/#breadcrumb"},"inLanguage":"en-GB","potentialAction":[{"@type":"ReadAction","target":["https:\/\/fritts.es\/estudio-gratis\/"]}]},{"@type":"BreadcrumbList","@id":"https:\/\/fritts.es\/estudio-gratis\/#breadcrumb","itemListElement":[{"@type":"ListItem","position":1,"name":"Portada","item":"https:\/\/fritts.es\/"},{"@type":"ListItem","position":2,"name":"Estudio gratis"}]},{"@type":"WebSite","@id":"https:\/\/fritts.es\/#website","url":"https:\/\/fritts.es\/","name":"Fritts","description":"Instalaci\u00f3n industrial de placas solares","publisher":{"@id":"https:\/\/fritts.es\/#organization"},"potentialAction":[{"@type":"SearchAction","target":{"@type":"EntryPoint","urlTemplate":"https:\/\/fritts.es\/?s={search_term_string}"},"query-input":{"@type":"PropertyValueSpecification","valueRequired":true,"valueName":"search_term_string"}}],"inLanguage":"en-GB"},{"@type":"Organization","@id":"https:\/\/fritts.es\/#organization","name":"Fritts","url":"https:\/\/fritts.es\/","logo":{"@type":"ImageObject","inLanguage":"en-GB","@id":"https:\/\/fritts.es\/#\/schema\/logo\/image\/","url":"https:\/\/fritts.es\/wp-content\/uploads\/2023\/12\/Capa-2.png","contentUrl":"https:\/\/fritts.es\/wp-content\/uploads\/2023\/12\/Capa-2.png","width":974,"height":380,"caption":"Fritts"},"image":{"@id":"https:\/\/fritts.es\/#\/schema\/logo\/image\/"},"sameAs":["https:\/\/es.linkedin.com\/company\/frittsingenieria"]}]}},"_links":{"self":[{"href":"https:\/\/fritts.es\/en\/wp-json\/wp\/v2\/pages\/64","targetHints":{"allow":["GET"]}}],"collection":[{"href":"https:\/\/fritts.es\/en\/wp-json\/wp\/v2\/pages"}],"about":[{"href":"https:\/\/fritts.es\/en\/wp-json\/wp\/v2\/types\/page"}],"author":[{"embeddable":true,"href":"https:\/\/fritts.es\/en\/wp-json\/wp\/v2\/users\/1"}],"replies":[{"embeddable":true,"href":"https:\/\/fritts.es\/en\/wp-json\/wp\/v2\/comments?post=64"}],"version-history":[{"count":0,"href":"https:\/\/fritts.es\/en\/wp-json\/wp\/v2\/pages\/64\/revisions"}],"wp:attachment":[{"href":"https:\/\/fritts.es\/en\/wp-json\/wp\/v2\/media?parent=64"}],"curies":[{"name":"wp","href":"https:\/\/api.w.org\/{rel}","templated":true}]}}